{"id":422,"date":"2019-01-07T04:45:34","date_gmt":"2019-01-06T21:45:34","guid":{"rendered":"https:\/\/timhieutinlanh.com\/tho\/?page_id=422"},"modified":"2021-09-10T18:57:52","modified_gmt":"2021-09-10T11:57:52","slug":"tim-bai-theo-ten-tac-gia","status":"publish","type":"page","link":"https:\/\/timhieutinlanh.com\/tho\/tim-bai-theo-ten-tac-gia\/","title":{"rendered":"T\u00ecm B\u00e0i Theo T\u00ean T\u00e1c Gi\u1ea3"},"content":{"rendered":"<p><a href=\"https:\/\/timhieutinlanh.com\/tho\/category\/01\/\">B\u00f9i V\u0103n V\u0169<\/a><\/p>\n<p><a href=\"https:\/\/timhieutinlanh.com\/tho\/category\/02\/\">\u0110\u1eb7ng Thi\u00ean T\u1ee9<\/a><\/p>\n<p><a href=\"https:\/\/timhieutinlanh.com\/tho\/category\/dong-thi-nghia\/\">\u0110\u1ed3ng Th\u1ecb Ngh\u0129a<\/a><\/p>\n<p><a href=\"https:\/\/timhieutinlanh.com\/tho\/category\/huynh-christian-timothy\/\">Hu\u1ef3nh Christian Timothy <\/a><\/p>\n<p><a href=\"https:\/\/timhieutinlanh.com\/tho\/category\/lam-viet-thanh\/\">L\u00e2m Vi\u1ec7t Th\u00e0nh<\/a><\/p>\n<p><a href=\"https:\/\/timhieutinlanh.com\/tho\/category\/nguyen-duc-huan\/\">Nguy\u1ec5n \u0110\u1ee9c Hu\u1ea5n<\/a><\/p>\n<p><a href=\"https:\/\/timhieutinlanh.com\/tho\/category\/nguyen-thi-lan\/\">Nguy\u1ec5n Th\u1ecb Lan<\/a><\/p>\n<p><a href=\"https:\/\/timhieutinlanh.com\/tho\/category\/nguyen-thi-thuy-linh\/\">Nguy\u1ec5n Th\u1ecb Th\u00f9y Linh<\/a><\/p>\n<p>&nbsp;<\/p>\n","protected":false},"excerpt":{"rendered":"<p>B\u00f9i V\u0103n V\u0169 \u0110\u1eb7ng Thi\u00ean T\u1ee9 \u0110\u1ed3ng Th\u1ecb Ngh\u0129a Hu\u1ef3nh Christian Timothy L\u00e2m Vi\u1ec7t Th\u00e0nh Nguy\u1ec5n \u0110\u1ee9c Hu\u1ea5n Nguy\u1ec5n Th\u1ecb Lan Nguy\u1ec5n Th\u1ecb Th\u00f9y Linh &nbsp;<\/p>\n","protected":false},"author":2,"featured_media":0,"parent":0,"menu_order":2,"comment_status":"closed","ping_status":"closed","template":"","meta":{"footnotes":""},"class_list":["post-422","page","type-page","status-publish","hentry"],"_links":{"self":[{"href":"https:\/\/timhieutinlanh.com\/tho\/wp-json\/wp\/v2\/pages\/422","targetHints":{"allow":["GET"]}}],"collection":[{"href":"https:\/\/timhieutinlanh.com\/tho\/wp-json\/wp\/v2\/pages"}],"about":[{"href":"https:\/\/timhieutinlanh.com\/tho\/wp-json\/wp\/v2\/types\/page"}],"author":[{"embeddable":true,"href":"https:\/\/timhieutinlanh.com\/tho\/wp-json\/wp\/v2\/users\/2"}],"replies":[{"embeddable":true,"href":"https:\/\/timhieutinlanh.com\/tho\/wp-json\/wp\/v2\/comments?post=422"}],"version-history":[{"count":5,"href":"https:\/\/timhieutinlanh.com\/tho\/wp-json\/wp\/v2\/pages\/422\/revisions"}],"predecessor-version":[{"id":934,"href":"https:\/\/timhieutinlanh.com\/tho\/wp-json\/wp\/v2\/pages\/422\/revisions\/934"}],"wp:attachment":[{"href":"https:\/\/timhieutinlanh.com\/tho\/wp-json\/wp\/v2\/media?parent=422"}],"curies":[{"name":"wp","href":"https:\/\/api.w.org\/{rel}","templated":true}]}}