{"id":120,"date":"2017-12-16T10:33:23","date_gmt":"2017-12-16T03:33:23","guid":{"rendered":"https:\/\/timhieutinlanh.com\/tho\/?page_id=120"},"modified":"2024-04-03T16:19:09","modified_gmt":"2024-04-03T09:19:09","slug":"tim-bai-theo-van-abc","status":"publish","type":"page","link":"https:\/\/timhieutinlanh.com\/tho\/tim-bai-theo-van-abc\/","title":{"rendered":"T\u00ecm B\u00e0i Theo V\u1ea7n ABC"},"content":{"rendered":"<ul class=\"lcp_catlist\" id=\"lcp_instance_0\"><li><a href=\"https:\/\/timhieutinlanh.com\/tho\/bao-doi-can-cha\/\">Bao \u0110\u1eddi C\u1ea7n Cha<\/a><\/li><li><a href=\"https:\/\/timhieutinlanh.com\/tho\/binh-an-doi-trong-chua-den\/\">B\u00ecnh An \u0110\u1ee3i Tr\u00f4ng Ch\u00faa \u0110\u1ebfn<\/a><\/li><li><a href=\"https:\/\/timhieutinlanh.com\/tho\/binh-an-khi-co-chua-o-cung\/\">B\u00ecnh An Khi C\u00f3 Ch\u00faa \u1ede C\u00f9ng<\/a><\/li><li><a href=\"https:\/\/timhieutinlanh.com\/tho\/buoc-di-voi-chua-moi-ngay\/\">B\u01b0\u1edbc \u0110i v\u1edbi Ch\u00faa M\u1ed7i Ng\u00e0y<\/a><\/li><li><a href=\"https:\/\/timhieutinlanh.com\/tho\/buoc-duong-theo-chua\/\">B\u01b0\u1edbc \u0110\u01b0\u1eddng Theo Ch\u00faa<\/a><\/li><li><a href=\"https:\/\/timhieutinlanh.com\/tho\/chan-ai-xin-hay-mau-dung\/\">Ch\u00e2n Ai Xin H\u00e3y Mau D\u1eebng<\/a><\/li><li><a href=\"https:\/\/timhieutinlanh.com\/tho\/cho-ngay-chua-den\/\">Ch\u1edd Ng\u00e0y Ch\u00faa \u0110\u1ebfn<\/a><\/li><li><a href=\"https:\/\/timhieutinlanh.com\/tho\/thieu-nhi-chua-ban-su-song-cho-thanh-kinh\/\">Ch\u00faa Ban S\u1ef1 S\u1ed1ng Cho Th\u00e1nh Kinh<\/a><\/li><li><a href=\"https:\/\/timhieutinlanh.com\/tho\/chua-cho-toi-duoc-gap-ngai\/\">Ch\u00faa Cho T\u00f4i \u0110\u01b0\u1ee3c G\u1eb7p Ng\u00e0i<\/a><\/li><li><a href=\"https:\/\/timhieutinlanh.com\/tho\/chua-dang-keu-goi-hoi-thanh\/\">Ch\u00faa \u0110ang K\u00eau G\u1ecdi H\u1ed9i Th\u00e1nh<\/a><\/li><li><a href=\"https:\/\/timhieutinlanh.com\/tho\/chua-oi-con-van-cho-trong\/\">Ch\u00faa \u01a0i! Con V\u1eabn Ch\u1edd Tr\u00f4ng<\/a><\/li><li><a href=\"https:\/\/timhieutinlanh.com\/tho\/276-2\/\">Ch\u00faa Th\u1eaft L\u01b0ng T\u00f4i B\u1eb1ng S\u1ef1 Vui M\u1eebng<\/a><\/li><li><a href=\"https:\/\/timhieutinlanh.com\/tho\/chua-voi-thu-tha\/\">Ch\u00faa V\u1ed9i Th\u1ee9 Tha<\/a><\/li><li><a href=\"https:\/\/timhieutinlanh.com\/tho\/chuc-xuan-hoi-thanh\/\">Ch\u00fac Xu\u00e2n H\u1ed9i Th\u00e1nh<\/a><\/li><li><a href=\"https:\/\/timhieutinlanh.com\/tho\/co-chua-doi-con-thoa-long\/\">C\u00f3 Ch\u00faa \u0110\u1eddi Con Th\u1ecfa L\u00f2ng<\/a><\/li><li><a href=\"https:\/\/timhieutinlanh.com\/tho\/co-nhung-mua-xuan\/\">C\u00f3 Nh\u1eefng M\u00f9a Xu\u00e2n\u2026<\/a><\/li><li><a href=\"https:\/\/timhieutinlanh.com\/tho\/co-nhung-neo-duong-tren-dat-nuoc\/\">C\u00f3 Nh\u1eefng N\u1ebbo \u0110\u01b0\u1eddng Tr\u00ean \u0110\u1ea5t N\u01b0\u1edbc<\/a><\/li><li><a href=\"https:\/\/timhieutinlanh.com\/tho\/con-that-binh-an\/\">Con Th\u1eadt B\u00ecnh An<\/a><\/li><li><a href=\"https:\/\/timhieutinlanh.com\/tho\/dieu-con-ao-uoc\/\">\u0110i\u1ec1u Con Ao \u01af\u1edbc<\/a><\/li><li><a href=\"https:\/\/timhieutinlanh.com\/tho\/doi-con-pho-thac-len-ngai\/\">\u0110\u1eddi Con Ph\u00f3 Th\u00e1c L\u00ean Ng\u00e0i<\/a><\/li><li><a href=\"https:\/\/timhieutinlanh.com\/tho\/doi-nguoi\/\">\u0110\u1eddi Ng\u01b0\u1eddi<\/a><\/li><li><a href=\"https:\/\/timhieutinlanh.com\/tho\/doi-nguoi-theo-chua\/\">\u0110\u1eddi Ng\u01b0\u1eddi Theo Ch\u00faa<\/a><\/li><li><a href=\"https:\/\/timhieutinlanh.com\/tho\/doi-song-qua-mau-loi-chua-con-mai\/\">\u0110\u1eddi S\u1ed1ng Qua Mau, L\u1eddi Ch\u00faa C\u00f2n M\u00e3i<\/a><\/li><li><a href=\"https:\/\/timhieutinlanh.com\/tho\/gia-nhu-ho-kip-tro-ve\/\">Gi\u00e1 Nh\u01b0 H\u1ecd K\u00edp Tr\u1edf V\u1ec1<\/a><\/li><li><a href=\"https:\/\/timhieutinlanh.com\/tho\/hanh-phuc-la-khi-chua-cuu-toi\/\">H\u1ea1nh Ph\u00fac L\u00e0 Khi Ch\u00faa C\u1ee9u T\u00f4i<\/a><\/li><li><a href=\"https:\/\/timhieutinlanh.com\/tho\/hanh-trinh-theo-chua\/\">H\u00e0nh Tr\u00ecnh Theo Ch\u00faa<\/a><\/li><li><a href=\"https:\/\/timhieutinlanh.com\/tho\/hay-de-su-nhan-nai-duoc-tron\/\">H\u00e3y \u0110\u1ec3 S\u1ef1 Nh\u1eabn N\u1ea1i \u0110\u01b0\u1ee3c Tr\u1ecdn<\/a><\/li><li><a href=\"https:\/\/timhieutinlanh.com\/tho\/hay-thoat-khoi-vong-vay-cua-ma-quy\/\">H\u00e3y Tho\u00e1t Kh\u1ecfi V\u00f2ng V\u00e2y c\u1ee7a Ma Qu\u1ef7<\/a><\/li><li><a href=\"https:\/\/timhieutinlanh.com\/tho\/hay-tin-nhan-tin-lanh\/\">H\u00e3y Tin Nh\u1eadn Tin L\u00e0nh<\/a><\/li><li><a href=\"https:\/\/timhieutinlanh.com\/tho\/hay-vao-cua-hep\/\">H\u00e3y V\u00e0o C\u1eeda H\u1eb9p<\/a><\/li><li><a href=\"https:\/\/timhieutinlanh.com\/tho\/hiep-mot-theo-cha\/\">Hi\u1ec7p M\u1ed9t Theo Cha<\/a><\/li><li><a href=\"https:\/\/timhieutinlanh.com\/tho\/hoi-hop-cho-chua-den\/\">H\u1ed3i H\u1ed9p Ch\u1edd Ch\u00faa \u0110\u1ebfn<\/a><\/li><li><a href=\"https:\/\/timhieutinlanh.com\/tho\/hoi-thanh-chan-that-cua-chua-la-nhung-ai\/\">H\u1ed9i Th\u00e1nh Ch\u00e2n Th\u1eadt c\u1ee7a Ch\u00faa L\u00e0 Nh\u1eefng Ai?<\/a><\/li><li><a href=\"https:\/\/timhieutinlanh.com\/tho\/hoi-thanh-cua-chua\/\">H\u1ed9i Th\u00e1nh c\u1ee7a Ch\u00faa<\/a><\/li><li><a href=\"https:\/\/timhieutinlanh.com\/tho\/285-2\/\">H\u1ed3n Con Kh\u00e1t Ch\u00faa<\/a><\/li><li><a href=\"https:\/\/timhieutinlanh.com\/tho\/khong-co-chua-con-lam-sao-song-duoc\/\">Kh\u00f4ng C\u00f3 Ch\u00faa Con L\u00e0m Sao S\u1ed1ng \u0110\u01b0\u1ee3c<\/a><\/li><li><a href=\"https:\/\/timhieutinlanh.com\/tho\/kieu-ngao-an-dien-cam-ta\/\">Ki\u00eau Ng\u1ea1o &#8211; \u00c2n \u0110i\u1ec3n &#8211; C\u1ea3m T\u1ea1<\/a><\/li><li><a href=\"https:\/\/timhieutinlanh.com\/tho\/lam-sao-noi-het\/\">L\u00e0m Sao N\u00f3i H\u1ebft<\/a><\/li><li><a href=\"https:\/\/timhieutinlanh.com\/tho\/linh-hon-con-huong-ve-chua\/\">Linh H\u1ed3n Con H\u01b0\u1edbng V\u1ec1 Ch\u00faa<\/a><\/li><li><a href=\"https:\/\/timhieutinlanh.com\/tho\/thieu-nhi-loai-nguoi-song-khong-chi-nho-banh\/\">Lo\u00e0i Ng\u01b0\u1eddi S\u1ed1ng Kh\u00f4ng Ch\u1ec9 Nh\u1edd B\u00e1nh<\/a><\/li><li><a href=\"https:\/\/timhieutinlanh.com\/tho\/loi-cam-ta\/\">L\u1eddi C\u1ea3m T\u1ea1<\/a><\/li><li><a href=\"https:\/\/timhieutinlanh.com\/tho\/loi-keu-goi-truoc-gio-thu-thach\/\">L\u1eddi K\u00eau G\u1ecdi Tr\u01b0\u1edbc Gi\u1edd Th\u1eed Th\u00e1ch<\/a><\/li><li><a href=\"https:\/\/timhieutinlanh.com\/tho\/loi-nguyen-dang-trong-mua-xuan-thanh-sung\/\">L\u1eddi Nguy\u1ec7n D\u00e2ng Trong M\u00f9a Xu\u00e2n Th\u00e1nh S\u1ee7ng<\/a><\/li><li><a href=\"https:\/\/timhieutinlanh.com\/tho\/loi-nguyen-dau-nam-moi\/\">L\u1eddi Nguy\u1ec7n \u0110\u1ea7u N\u0103m M\u1edbi<\/a><\/li><li><a href=\"https:\/\/timhieutinlanh.com\/tho\/loi-nguyen-dau-xuan-moi\/\">L\u1eddi Nguy\u1ec7n \u0110\u1ea7u Xu\u00e2n M\u1edbi<\/a><\/li><li><a href=\"https:\/\/timhieutinlanh.com\/tho\/loi-tam-tinh-va-cau-nguyen-dau-nam\/\">L\u1eddi T\u00e2m T\u00ecnh v\u00e0 C\u1ea7u Nguy\u1ec7n \u0110\u1ea7u N\u0103m<\/a><\/li><li><a href=\"https:\/\/timhieutinlanh.com\/tho\/mau-sa-vao-long-cha\/\">Mau S\u00e0 V\u00e0o L\u00f2ng Cha<\/a><\/li><li><a href=\"https:\/\/timhieutinlanh.com\/tho\/mung-sinh-nhat-69\/\">M\u1eebng Sinh Nh\u1eadt 69<\/a><\/li><li><a href=\"https:\/\/timhieutinlanh.com\/tho\/neu-co-duc-tin\/\">N\u1ebfu C\u00f3 \u0110\u1ee9c Tin<\/a><\/li><li><a href=\"https:\/\/timhieutinlanh.com\/tho\/ngay-phuoc-hanh-xin-chua-giup\/\">Ng\u00e0y Ph\u01b0\u1edbc H\u1ea1nh \u2013 Xin Ch\u00faa Gi\u00fap<\/a><\/li><li><a href=\"https:\/\/timhieutinlanh.com\/tho\/ngay-sa-bat-thanh-vui-nhieu\/\">Ng\u00e0y Sa-b\u00e1t Th\u00e1nh Vui Nhi\u1ec1u<\/a><\/li><li><a href=\"https:\/\/timhieutinlanh.com\/tho\/nghi-den-nguoi-chan\/\">Ngh\u0129 \u0110\u1ebfn Ng\u01b0\u1eddi Ch\u0103n<\/a><\/li><li><a href=\"https:\/\/timhieutinlanh.com\/tho\/nguoi-chan-vi-bay-chien\/\">Ng\u01b0\u1eddi Ch\u0103n V\u00ec B\u1ea7y Chi\u00ean<\/a><\/li><li><a href=\"https:\/\/timhieutinlanh.com\/tho\/nguoi-oi-dung-buoc-phieu-dieu\/\">Ng\u01b0\u1eddi \u01a0i D\u1eebng B\u01b0\u1edbc Phi\u00eau Di\u00eau<\/a><\/li><li><a href=\"https:\/\/timhieutinlanh.com\/tho\/nguyen-con-trung-tin-theo-ngai\/\">Nguy\u1ec7n Con Trung T\u00edn Theo Ng\u00e0i<\/a><\/li><li><a href=\"https:\/\/timhieutinlanh.com\/tho\/nho-chua\/\">Nh\u1edb Ch\u00faa<\/a><\/li><li><a href=\"https:\/\/timhieutinlanh.com\/tho\/on-chua\/\">\u01a0n Ch\u00faa<\/a><\/li><li><a href=\"https:\/\/timhieutinlanh.com\/tho\/on-chua-jesus-qua-tuyet-voi\/\">\u01a0n Ch\u00faa Jesus Qu\u00e1 Tuy\u1ec7t V\u1eddi<\/a><\/li><li><a href=\"https:\/\/timhieutinlanh.com\/tho\/on-chua-qua-nhiem-mau\/\">\u01a0n Ch\u00faa Qu\u00e1 Nhi\u1ec7m M\u1ea7u<\/a><\/li><li><a href=\"https:\/\/timhieutinlanh.com\/tho\/218-2\/\">Ph\u1ea3i Trang B\u1ecb L\u1eddi Ch\u00faa \u0110\u1ec3 B\u1ea3o V\u1ec7 M\u00ecnh v\u00e0 S\u1eb5n S\u00e0ng \u0110\u1ed1i \u0110\u00e1p Th\u1ebf Gian<\/a><\/li><li><a href=\"https:\/\/timhieutinlanh.com\/tho\/pho-minh-cho-dang-xu-doan-cong-binh\/\">Ph\u00f3 M\u00ecnh Cho \u0110\u1ea5ng X\u1eed \u0110o\u00e1n C\u00f4ng B\u00ecnh<\/a><\/li><li><a href=\"https:\/\/timhieutinlanh.com\/tho\/rao-truyen-loi-cha\/\">Rao Truy\u1ec1n L\u1eddi Cha<\/a><\/li><li><a href=\"https:\/\/timhieutinlanh.com\/tho\/936-2\/\">S\u1eafp Tr\u00f2n N\u0103m Th\u00e1ng Ch\u00faa Luy\u1ec7n Con<\/a><\/li><li><a href=\"https:\/\/timhieutinlanh.com\/tho\/ta-on-thien-chua-nhan-dip-mung-sinh-nhat-thu-sau-muoi\/\">Sinh Nh\u1eadt 60<\/a><\/li><li><a href=\"https:\/\/timhieutinlanh.com\/tho\/sinh-nhat-63\/\">Sinh Nh\u1eadt 63<\/a><\/li><li><a href=\"https:\/\/timhieutinlanh.com\/tho\/sinh-nhat-65\/\">Sinh Nh\u1eadt 65<\/a><\/li><li><a href=\"https:\/\/timhieutinlanh.com\/tho\/sinh-nhat-66\/\">Sinh Nh\u1eadt 66<\/a><\/li><li><a href=\"https:\/\/timhieutinlanh.com\/tho\/sinh-nhat-67\/\">Sinh Nh\u1eadt 67<\/a><\/li><li><a href=\"https:\/\/timhieutinlanh.com\/tho\/sinh-nhat-68\/\">Sinh Nh\u1eadt 68<\/a><\/li><li><a href=\"https:\/\/timhieutinlanh.com\/tho\/sinh-nhat-bay-muoi\/\">Sinh Nh\u1eadt B\u1ea3y M\u01b0\u01a1i<\/a><\/li><li><a href=\"https:\/\/timhieutinlanh.com\/tho\/sinh-nhat-bay-muoi-mot\/\">Sinh Nh\u1eadt B\u1ea3y M\u01b0\u01a1i M\u1ed1t<\/a><\/li><li><a href=\"https:\/\/timhieutinlanh.com\/tho\/song-doi-moi-trong-chua\/\">S\u1ed1ng \u0110\u1eddi M\u1edbi Trong Ch\u00faa<\/a><\/li><li><a href=\"https:\/\/timhieutinlanh.com\/tho\/tam-tinh-gui-em-gai-nho\/\">T\u00e2m T\u00ecnh G\u1eedi Em G\u00e1i Nh\u1ecf<\/a><\/li><li><a href=\"https:\/\/timhieutinlanh.com\/tho\/thieu-nhi-tim-hieu-thanh-kinh\/\">Thi\u1ebfu Nhi T\u00ecm Hi\u1ec3u Th\u00e1nh Kinh<\/a><\/li><li><a href=\"https:\/\/timhieutinlanh.com\/tho\/thieu-nhi-be-hay-can-than-lam-theo-loi-chua\/\">Thi\u1ebfu Nhi: B\u00e9 H\u00e3y C\u1ea9n Th\u1eadn L\u00e0m Theo L\u1eddi Ch\u00faa<\/a><\/li><li><a href=\"https:\/\/timhieutinlanh.com\/tho\/thieu-nhi-ca-in-va-a-ben\/\">Thi\u1ebfu Nhi: Ca-in v\u00e0 A-b\u00ean<\/a><\/li><li><a href=\"https:\/\/timhieutinlanh.com\/tho\/thieu-nhi-con-muon-hoc-biet-chua-cua-me\/\">Thi\u1ebfu Nhi: Con Mu\u1ed1n H\u1ecdc Bi\u1ebft Ch\u00faa C\u1ee7a M\u1eb9<\/a><\/li><li><a href=\"https:\/\/timhieutinlanh.com\/tho\/thieu-nhi-thanh-kinh-la-loi-chua\/\">Thi\u1ebfu Nhi: Th\u00e1nh Kinh L\u00e0 L\u1eddi Ch\u00faa<\/a><\/li><li><a href=\"https:\/\/timhieutinlanh.com\/tho\/thieu-nhi-thien-dang-dang-cho-be\/\">Thi\u1ebfu Nhi: Thi\u00ean \u0110\u00e0ng \u0110ang Ch\u1edd B\u00e9<\/a><\/li><li><a href=\"https:\/\/timhieutinlanh.com\/tho\/tho-thieu-nhi-toi-loi-vao-the-gian\/\">Thi\u1ebfu Nhi: T\u1ed9i L\u1ed7i V\u00e0o Th\u1ebf Gian<\/a><\/li><li><a href=\"https:\/\/timhieutinlanh.com\/tho\/tho-dai-ve-no-e\/\">Th\u01a1 D\u00e0i V\u1ec1 N\u00f4-\u00ea<\/a><\/li><li><a href=\"https:\/\/timhieutinlanh.com\/tho\/tho-ngan-ve-no-e\/\">Th\u01a1 Ng\u1eafn V\u1ec1 N\u00f4-\u00ea<\/a><\/li><li><a href=\"https:\/\/timhieutinlanh.com\/tho\/thoa-vui-trong-chua\/\">Th\u1ecfa Vui Trong Ch\u00faa<\/a><\/li><li><a href=\"https:\/\/timhieutinlanh.com\/tho\/thua-voi-chua-nhan-dip-sinh-nhat-67\/\">Th\u01b0a v\u1edbi Ch\u00faa Nh\u00e2n D\u1ecbp Sinh Nh\u1eadt 67<\/a><\/li><li><a href=\"https:\/\/timhieutinlanh.com\/tho\/tin-lanh-cuu-roi\/\">Tin L\u00e0nh C\u1ee9u R\u1ed7i<\/a><\/li><li><a href=\"https:\/\/timhieutinlanh.com\/tho\/tinh-cha\/\">T\u00ecnh Cha<\/a><\/li><li><a href=\"https:\/\/timhieutinlanh.com\/tho\/tinh-con-yeu-chua\/\">T\u00ecnh Con Y\u00eau Ch\u00faa<\/a><\/li><li><a href=\"https:\/\/timhieutinlanh.com\/tho\/tinh-thuc-va-san-sang\/\">T\u1ec9nh Th\u1ee9c v\u00e0 S\u1eb5n S\u00e0ng<\/a><\/li><li><a href=\"https:\/\/timhieutinlanh.com\/tho\/tinh-yeu-chua-tai-sinh-toi\/\">T\u00ecnh Y\u00eau Ch\u00faa T\u00e1i Sinh T\u00f4i<\/a><\/li><li><a href=\"https:\/\/timhieutinlanh.com\/tho\/tinh-yeu-thien-chua-dep-biet-bao\/\">T\u00ecnh Y\u00eau Thi\u00ean Ch\u00faa \u0110\u1eb9p Bi\u1ebft Bao<\/a><\/li><li><a href=\"https:\/\/timhieutinlanh.com\/tho\/tu-bo-the-gian-theo-chua\/\">T\u1eeb B\u1ecf Th\u1ebf Gian Theo Ch\u00faa<\/a><\/li><li><a href=\"https:\/\/timhieutinlanh.com\/tho\/ve-day-ben-chua-jesus\/\">V\u1ec1 \u0110\u00e2y B\u00ean Ch\u00faa Jesus<\/a><\/li><li><a href=\"https:\/\/timhieutinlanh.com\/tho\/ve-day-song-lai-hon-linh\/\">V\u1ec1 \u0110\u00e2y S\u1ed1ng L\u1ea1i H\u1ed3n Linh<\/a><\/li><li><a href=\"https:\/\/timhieutinlanh.com\/tho\/vui-thoa-phuoc\/\">Vui Th\u1ecfa Ph\u01b0\u1edbc<\/a><\/li><li><a href=\"https:\/\/timhieutinlanh.com\/tho\/xin-chua\/\">Xin Ch\u00faa<\/a><\/li><li><a href=\"https:\/\/timhieutinlanh.com\/tho\/xin-mot-mua-xuan-tren-que-huong\/\">Xin M\u1ed9t M\u00f9a Xu\u00e2n Tr\u00ean Qu\u00ea H\u01b0\u01a1ng<\/a><\/li><li><a href=\"https:\/\/timhieutinlanh.com\/tho\/xin-on-cha-bien-doi\/\">Xin \u01a0n Cha Bi\u1ebfn \u0110\u1ed5i<\/a><\/li><li><a href=\"https:\/\/timhieutinlanh.com\/tho\/xua-va-nay\/\">X\u01b0a v\u00e0 Nay<\/a><\/li><\/ul>\n","protected":false},"excerpt":{"rendered":"","protected":false},"author":2,"featured_media":0,"parent":0,"menu_order":1,"comment_status":"closed","ping_status":"closed","template":"","meta":{"footnotes":""},"class_list":["post-120","page","type-page","status-publish","hentry"],"_links":{"self":[{"href":"https:\/\/timhieutinlanh.com\/tho\/wp-json\/wp\/v2\/pages\/120","targetHints":{"allow":["GET"]}}],"collection":[{"href":"https:\/\/timhieutinlanh.com\/tho\/wp-json\/wp\/v2\/pages"}],"about":[{"href":"https:\/\/timhieutinlanh.com\/tho\/wp-json\/wp\/v2\/types\/page"}],"author":[{"embeddable":true,"href":"https:\/\/timhieutinlanh.com\/tho\/wp-json\/wp\/v2\/users\/2"}],"replies":[{"embeddable":true,"href":"https:\/\/timhieutinlanh.com\/tho\/wp-json\/wp\/v2\/comments?post=120"}],"version-history":[{"count":5,"href":"https:\/\/timhieutinlanh.com\/tho\/wp-json\/wp\/v2\/pages\/120\/revisions"}],"predecessor-version":[{"id":995,"href":"https:\/\/timhieutinlanh.com\/tho\/wp-json\/wp\/v2\/pages\/120\/revisions\/995"}],"wp:attachment":[{"href":"https:\/\/timhieutinlanh.com\/tho\/wp-json\/wp\/v2\/media?parent=120"}],"curies":[{"name":"wp","href":"https:\/\/api.w.org\/{rel}","templated":true}]}}