{"id":980,"date":"2020-09-03T12:40:22","date_gmt":"2020-09-03T05:40:22","guid":{"rendered":"https:\/\/timhieutinlanh.com\/biengiao\/?page_id=980"},"modified":"2020-09-03T12:44:30","modified_gmt":"2020-09-03T05:44:30","slug":"phe-binh-tac-pham-song-theo-dung-muc-dich","status":"publish","type":"page","link":"https:\/\/timhieutinlanh.com\/biengiao\/phe-binh-tac-pham-song-theo-dung-muc-dich\/","title":{"rendered":"Ph\u00ea B\u00ecnh T\u00e1c Ph\u1ea9m: S\u1ed1ng Theo \u0110\u00fang M\u1ee5c \u0110\u00edch"},"content":{"rendered":"<ul class=\"wp-cpl-widget wp-cpl-theme-no\">\n<li><span style=\"font-size: 20px;\"><a title=\"Permalink to: Ph\u00ea B\u00ecnh T\u00e1c Ph\u1ea9m \" href=\"https:\/\/timhieutinlanh.com\/biengiao\/phe-binh-tac-pham-the-purpose-driven-life-bai-mot-loi-noi-dau-12\/\" target=\"_blank\" rel=\"noopener noreferrer\">Ph\u00ea B\u00ecnh T\u00e1c Ph\u1ea9m &#8220;The Purpose Driven Life&#8221; &#8211; B\u00e0i M\u1ed9t: L\u1eddi N\u00f3i \u0110\u1ea7u<\/a><\/span><\/li>\n<li><span style=\"font-size: 20px;\"><a title=\"Permalink to: Ph\u00ea B\u00ecnh T\u00e1c Ph\u1ea9m \" href=\"https:\/\/timhieutinlanh.com\/biengiao\/phe-binh-tac-pham-the-purpose-driven-life-bai-hai-tin-lanh-theo-rick-warren-13\/\" target=\"_blank\" rel=\"noopener noreferrer\">Ph\u00ea B\u00ecnh T\u00e1c Ph\u1ea9m &#8220;The Purpose Driven Life&#8221; &#8211; B\u00e0i Hai: Tin L\u00e0nh Theo Rick Warren<\/a><\/span><\/li>\n<li class=\"wp-cpl wp-cpl-even\"><span style=\"font-size: 20px;\"><a title=\"Permalink to: Ph\u00ea B\u00ecnh T\u00e1c Ph\u1ea9m \" href=\"https:\/\/timhieutinlanh.com\/biengiao\/phe-binh-tac-pham-the-purpose-driven-life-bai-ba-nhung-sai-lam-trong-loi-gioi-thieu-14\/\" target=\"_blank\" rel=\"noopener noreferrer\">Ph\u00ea B\u00ecnh T\u00e1c Ph\u1ea9m &#8220;The Purpose Driven Life&#8221; &#8211; B\u00e0i Ba: Nh\u1eefng Sai L\u1ea7m Trong L\u1eddi Gi\u1edbi Thi\u1ec7u<\/a><\/span><\/li>\n<li><span style=\"font-size: 20px;\"><a title=\"Permalink to: Ph\u00ea B\u00ecnh T\u00e1c Ph\u1ea9m \" href=\"https:\/\/timhieutinlanh.com\/biengiao\/phe-binh-tac-pham-the-purpose-driven-life-bai-bon-nhung-sai-lam-trong-ngay-thu-nhat-15\/\" target=\"_blank\" rel=\"noopener noreferrer\">Ph\u00ea B\u00ecnh T\u00e1c Ph\u1ea9m &#8220;The Purpose Driven Life&#8221; &#8211; B\u00e0i B\u1ed1n: Nh\u1eefng Sai L\u1ea7m Trong Ng\u00e0y Th\u1ee9 Nh\u1ea5t<\/a><\/span><\/li>\n<li class=\"wp-cpl wp-cpl-odd\"><a title=\"Permalink to: Ph\u00ea B\u00ecnh T\u00e1c Ph\u1ea9m \" href=\"https:\/\/timhieutinlanh.com\/biengiao\/phe-binh-tac-pham-the-purpose-driven-life-bai-nam-nhung-sai-lam-trong-ngay-thu-nhi-16\/\" target=\"_blank\" rel=\"noopener noreferrer\"><span style=\"font-size: 20px;\">Ph\u00ea B\u00ecnh T\u00e1c Ph\u1ea9m &#8220;The Purpose Driven Life&#8221; &#8211; B\u00e0i N\u0103m: Nh\u1eefng Sai L\u1ea7m Trong Ng\u00e0y Th\u1ee9 Nh\u00ec<\/span><\/a><\/li>\n<\/ul>\n","protected":false},"excerpt":{"rendered":"<p>Ph\u00ea B\u00ecnh T\u00e1c Ph\u1ea9m &#8220;The Purpose Driven Life&#8221; &#8211; B\u00e0i M\u1ed9t: L\u1eddi N\u00f3i \u0110\u1ea7u Ph\u00ea B\u00ecnh T\u00e1c Ph\u1ea9m &#8220;The Purpose Driven Life&#8221; &#8211; B\u00e0i Hai: Tin L\u00e0nh Theo Rick Warren <a class=\"more-link\" href=\"https:\/\/timhieutinlanh.com\/biengiao\/phe-binh-tac-pham-song-theo-dung-muc-dich\/\">\u0110\u1ecdc Ti\u1ebfp \u2192<\/a><\/p>\n","protected":false},"author":1,"featured_media":0,"parent":0,"menu_order":0,"comment_status":"closed","ping_status":"closed","template":"","meta":{"footnotes":""},"class_list":["post-980","page","type-page","status-publish","hentry"],"_links":{"self":[{"href":"https:\/\/timhieutinlanh.com\/biengiao\/wp-json\/wp\/v2\/pages\/980","targetHints":{"allow":["GET"]}}],"collection":[{"href":"https:\/\/timhieutinlanh.com\/biengiao\/wp-json\/wp\/v2\/pages"}],"about":[{"href":"https:\/\/timhieutinlanh.com\/biengiao\/wp-json\/wp\/v2\/types\/page"}],"author":[{"embeddable":true,"href":"https:\/\/timhieutinlanh.com\/biengiao\/wp-json\/wp\/v2\/users\/1"}],"replies":[{"embeddable":true,"href":"https:\/\/timhieutinlanh.com\/biengiao\/wp-json\/wp\/v2\/comments?post=980"}],"version-history":[{"count":4,"href":"https:\/\/timhieutinlanh.com\/biengiao\/wp-json\/wp\/v2\/pages\/980\/revisions"}],"predecessor-version":[{"id":986,"href":"https:\/\/timhieutinlanh.com\/biengiao\/wp-json\/wp\/v2\/pages\/980\/revisions\/986"}],"wp:attachment":[{"href":"https:\/\/timhieutinlanh.com\/biengiao\/wp-json\/wp\/v2\/media?parent=980"}],"curies":[{"name":"wp","href":"https:\/\/api.w.org\/{rel}","templated":true}]}}