{"id":474,"date":"2013-11-25T18:57:35","date_gmt":"2013-11-26T00:57:35","guid":{"rendered":"http:\/\/timhieutinlanh.com\/biengiao\/?page_id=474"},"modified":"2013-11-25T22:15:30","modified_gmt":"2013-11-26T04:15:30","slug":"vai-net-so-luoc-ve-hai-bien-gia-chinh","status":"publish","type":"page","link":"https:\/\/timhieutinlanh.com\/biengiao\/vai-net-so-luoc-ve-hai-bien-gia-chinh\/","title":{"rendered":"V\u00e0i N\u00e9t S\u01a1 L\u01b0\u1ee3c v\u1ec1 Hai Bi\u1ec7n Gi\u1ea3 Ch\u00ednh"},"content":{"rendered":"<p style=\"text-align: justify;\">.<\/p>\n<p style=\"text-align: justify;\"><span style=\"font-family: arial,helvetica,sans-serif; font-size: x-large;\"><strong>M\u1ee5c S\u01b0 Nguy\u1ec5n Qu\u1ed1c\u00a0\u1ea4n<\/strong><\/span><\/p>\n<p style=\"text-align: justify;\"><span style=\"font-family: arial,helvetica,sans-serif; font-size: medium;\"><strong>Kh\u00f4ng \u0111\u1ed3ng\u00a0\u00fd\u00a0C\u01a1-\u0111\u1ed1c nh\u00e2n ph\u1ea3i gi\u1eef ng\u00e0y Sa-b\u00e1t Th\u1ee9 B\u1ea3y theo\u00a0\u0111i\u1ec1u r\u0103n th\u1ee9 t\u01b0.<\/strong><\/span><\/p>\n<p style=\"text-align: justify;\"><span style=\"font-family: arial,helvetica,sans-serif; font-size: medium;\"><img loading=\"lazy\" decoding=\"async\" alt=\"\" src=\"http:\/\/timhieutinlanh.com\/biengiao\/images_tlbg\/biengiao_sabat\/NguyenQuocAn.png\" width=\"1024\" height=\"599\" \/><\/span><\/p>\n<p style=\"text-align: justify;\"><span style=\"font-family: arial,helvetica,sans-serif; font-size: xx-small;\">.<\/span><\/p>\n<p style=\"text-align: justify;\"><span style=\"font-family: arial,helvetica,sans-serif; font-size: medium;\"><strong><span style=\"font-size: x-large;\">M\u1ee5c T\u1eed\u00a0Hu\u1ef3nh Christian Timothy<\/span><\/strong><\/span><\/p>\n<p style=\"text-align: justify;\"><span style=\"font-family: arial,helvetica,sans-serif; font-size: medium;\"><strong>Gi\u1ea3ng d\u1ea1y r\u1eb1ng:\u00a0C\u01a1-\u0111\u1ed1c nh\u00e2n ph\u1ea3i gi\u1eef M\u01b0\u1eddi\u00a0\u0110i\u1ec1u R\u0103n, bao g\u1ed3m vi\u1ec7c gi\u1eef ng\u00e0y Sa-b\u00e1t Th\u1ee9 B\u1ea3y.<\/strong><\/span><\/p>\n<p style=\"text-align: justify;\"><span style=\"font-family: arial,helvetica,sans-serif; font-size: medium;\"><strong>(Tr\u00edch t\u1eeb email g\u1eedi cho v\u1ecb m\u1ee5c s\u01b0 kh\u00f4ng mu\u1ed1n n\u00eau t\u00ean tr\u00ean di\u1ec5n \u0111\u00e0n)<\/strong><\/span><\/p>\n<p style=\"text-align: justify;\"><span style=\"font-family: arial,helvetica,sans-serif; font-size: medium;\"><img loading=\"lazy\" decoding=\"async\" style=\"float: left; margin-left: 10px; margin-right: 10px; border: 2px solid black;\" alt=\"\" src=\"http:\/\/timhieutinlanh.com\/biengiao\/images_tlbg\/biengiao_sabat\/HuynhChristianTimothy.png\" width=\"150\" height=\"166\" \/>K\u00ednh th\u01b0a anh _______, <\/span><\/p>\n<p style=\"text-align: justify;\"><span style=\"font-family: arial,helvetica,sans-serif; font-size: medium;\">Tr\u01b0\u1edbc khi h\u1ed3i \u0111\u00e1p c\u00e1c c\u00e2u h\u1ecfi c\u1ee7a anh, xin anh cho ph\u00e9p t\u00f4i t\u00e2m t\u00ecnh v\u1edbi anh m\u1ed9t ch\u00fat trong email n\u00e0y, \u0111\u1ec3 ph\u00e1 \u0111i th\u00e0nh ki\u1ebfn (n\u1ebfu c\u00f3) trong anh, r\u1eb1ng t\u00f4i l\u00e0 m\u1ed9t ng\u01b0\u1eddi b\u1ecb nhi\u1ec5m t\u01b0 t\u01b0\u1edfng th\u1ea7n h\u1ecdc c\u1ee7a ph\u00e1i b\u1ea3o v\u1ec7 ng\u00e0y Sa-b\u00e1t Th\u1ee9 B\u1ea3y, ho\u1eb7c l\u00e0, t\u00f4i l\u00e0 m\u1ed9t ng\u01b0\u1eddi ch\u1ee7 tr\u01b0\u01a1ng \u0111\u01b0a lu\u1eadt ph\u00e1p v\u00e0o \u00e2n \u0111i\u1ec3n. <\/span><\/p>\n<p style=\"text-align: justify;\"><span style=\"font-family: arial,helvetica,sans-serif; font-size: medium;\">T\u00f4i c\u0169ng xin th\u01b0a l\u00e0: T\u00f4i ch\u1ec9 c\u1ed1 g\u1eafng c\u1eady \u01a1n Ch\u00faa, trong s\u1ef1 c\u1ea7u nguy\u1ec7n, tr\u00ecnh b\u00e0y v\u1edbi anh nh\u1eefng g\u00ec t\u00f4i h\u1ecdc \u0111\u01b0\u1ee3c t\u1eeb L\u1eddi Ch\u00faa v\u1ec1 ng\u00e0y Sa-b\u00e1t Th\u1ee9 B\u1ea3y, ch\u1ee9 t\u00f4i kh\u00f4ng n\u00f3i theo quan \u0111i\u1ec3m th\u1ea7n h\u1ecdc n\u00e0o c\u1ea3. M\u1eb7c d\u00f9, tr\u01b0\u1edbc \u0111\u00e2y, khi c\u00f2n sinh ho\u1ea1t trong c\u00e1c gi\u00e1o h\u1ed9i, trong khi b\u1ea3o v\u1ec7 cho c\u00e1i g\u1ecdi l\u00e0 &#8220;ng\u00e0y Sa-b\u00e1t T\u00e2n \u01af\u1edbc&#8221; t\u00f4i c\u00f3 tham kh\u1ea3o r\u1ea5t nhi\u1ec1u c\u00e1c l\u00fd lu\u1eadn b\u1ea3o v\u1ec7 ng\u00e0y Sa-b\u00e1t Th\u1ee9 B\u1ea3y c\u1ee7a C\u01a1-\u0111\u1ed1c Ph\u1ee5c L\u00e2m v\u00e0 m\u1ed9t s\u1ed1 gi\u00e1o ph\u00e1i kh\u00e1c. <\/span><\/p>\n<p style=\"text-align: justify;\"><span style=\"font-family: arial,helvetica,sans-serif; font-size: medium;\">Kho\u1ea3ng b\u1ea3y n\u0103m tr\u01b0\u1edbc, Ch\u00faa ph\u00e1n d\u1ea1y tr\u1ef1c ti\u1ebfp cho t\u00f4i khi t\u00f4i so\u1ea1n b\u00e0i gi\u1ea3ng v\u1ec1 \u0111i\u1ec1u r\u0103n th\u1ee9 t\u01b0, r\u1eb1ng con d\u00e2n Ch\u00faa ph\u1ea3i gi\u1eef ng\u00e0y Sa-b\u00e1t Th\u1ee9 B\u1ea3y. (Xin nghe l\u1eddi l\u00e0m ch\u1ee9ng c\u1ee7a nh\u00e0 t\u00f4i, ng\u1eafn th\u00f4i, n\u1ebfu anh ch\u01b0a nghe: &#8220;V\u00ec Sao T\u00f4i Gi\u1eef Ng\u00e0y Sa-b\u00e1t&#8221; <a href=\"http:\/\/timhieutinlanh.com\/phunu\/?p=33\" target=\"_blank\">http:\/\/timhieutinlanh.com\/phunu\/?p=33<\/a>). <\/span><\/p>\n<p style=\"text-align: justify;\"><span style=\"font-family: arial,helvetica,sans-serif; font-size: medium;\">Ch\u00ednh s\u1ef1 ki\u1ec7n Ch\u00faa ph\u00e1n d\u1ea1y cho t\u00f4i c\u00e1ch tr\u1ef1c ti\u1ebfp v\u1ec1 vi\u1ec7c con d\u00e2n Ch\u00faa ph\u1ea3i gi\u1eef tr\u1ecdn M\u01b0\u1eddi \u0110i\u1ec1u R\u0103n, v\u00e0 ng\u00e0y Sa-b\u00e1t l\u00e0 ng\u00e0y Th\u1ee9 B\u1ea3y trong tu\u1ea7n, \u0111\u00e3 khi\u1ebfn cho t\u00f4i \u0111\u00e1nh gi\u00e1 l\u1ea1i c\u00e1c t\u01b0 t\u01b0\u1edfng th\u1ea7n h\u1ecdc \u0111\u00e3 h\u1ecdc \u0111\u01b0\u1ee3c t\u1eeb c\u00e1c gi\u00e1o h\u1ed9i, \u0111\u1ec3 t\u1eeb \u0111\u00f3, t\u00f4i chuy\u00ean t\u00e2m t\u00ecm ki\u1ebfm l\u1ebd th\u1eadt ch\u1ec9 t\u1eeb L\u1eddi Ch\u00faa m\u00e0 th\u00f4i. T\u00f4i kh\u00f4ng n\u00f3i r\u1eb1ng th\u1ea7n h\u1ecdc l\u00e0 sai, nh\u01b0ng t\u00f4i bi\u1ebft ch\u1eafc nh\u1eefng k\u1ebft lu\u1eadn c\u1ee7a th\u1ea7n h\u1ecdc kh\u00f4ng ph\u1ea3i l\u00fac n\u00e0o c\u0169ng \u0111\u00fang. T\u00f4i b\u1eaft \u0111\u1ea7u \u0111\u1ed1i chi\u1ebfu nh\u1eefng g\u00ec t\u00f4i \u0111\u00e3 h\u1ecdc bi\u1ebft qua c\u00e1c gi\u00e1o h\u1ed9i v\u1edbi L\u1eddi Ch\u00faa, \u0111\u1ec3 gi\u1eef l\u1ea1i nh\u1eefng g\u00ec \u0111\u00fang v\u1edbi Th\u00e1nh Kinh (nh\u01b0 gi\u00e1o l\u00fd Thi\u00ean Ch\u00faa Ba Ng\u00f4i&#8230;) v\u00e0 m\u1ea1nh m\u1ebd g\u1ea1t b\u1ecf t\u1ea5t c\u1ea3 nh\u1eefng g\u00ec kh\u00f4ng \u0111\u00fang v\u1edbi Th\u00e1nh Kinh (nh\u01b0 ng\u00e0y Sa-b\u00e1t T\u00e2n \u01af\u1edbc, nh\u01b0 \u0111\u01b0\u1ee3c c\u1ee9u m\u1ed9t l\u1ea7n \u0111\u01b0\u1ee3c c\u1ee9u v\u0129nh vi\u1ec5n, nh\u01b0 s\u1ef1 th\u00e0nh l\u1eadp c\u00e1c gi\u00e1o h\u1ed9i&#8230;) \u0110i\u1ec1u \u0111\u00f3 d\u1eabn \u0111\u1ebfn vi\u1ec7c t\u00f4i t\u1ed5ng k\u1ebft c\u00e1c ni\u1ec1m tin c\u0103n b\u1ea3n c\u1ee7a m\u1ed9t con d\u00e2n Ch\u00faa nh\u01b0 trong b\u00e0i: &#8220;C\u00e1c T\u00edn L\u00fd C\u0103n B\u1ea3n&#8221; <a href=\"http:\/\/timhieutinlanh.com\/thanhoc\/?p=382\" target=\"_blank\">http:\/\/timhieutinlanh.com\/thanhoc\/?p=382<\/a>.<\/span><\/p>\n<p style=\"text-align: justify;\"><span style=\"font-family: arial,helvetica,sans-serif; font-size: medium;\">T\u00f4i sinh ra (1954) trong m\u1ed9t gia \u0111\u00ecnh t\u00edn \u0111\u1ed3, \u0111\u1ecdc Th\u00e1nh Kinh say m\u00ea t\u1eeb khi ch\u00edn tu\u1ed5i, vui m\u1eebng ch\u1ecbu b\u00e1p-tem khi 12 tu\u1ed5i. L\u00fac c\u00f2n ni\u00ean thi\u1ebfu, trong khi d\u1ea1y ti\u1ebfng Vi\u1ec7t cho c\u00e1c gi\u00e1o s\u0129 ngo\u1ea1i qu\u1ed1c, t\u00f4i \u0111\u00e3 m\u01a1 \u01b0\u1edbc khi l\u1edbn l\u00ean s\u1ebd l\u00e0m m\u1ed9t gi\u00e1o s\u0129. Nh\u01b0ng t\u00f4i \u0111\u00e3 sa ng\u00e3, s\u1ed1ng nh\u01b0 ng\u01b0\u1eddi ch\u01b0a bi\u1ebft Ch\u00faa; cho \u0111\u1ebfn khi t\u00f4i v\u01b0\u1ee3t bi\u00ean v\u00e0o cu\u1ed1i n\u0103m 1983, t\u00f4i m\u1edbi g\u1eb7p l\u1ea1i Ch\u00faa trong tr\u1ea1i t\u1ef5 n\u1ea1n. <\/span><\/p>\n<p style=\"text-align: justify;\"><span style=\"font-family: arial,helvetica,sans-serif; font-size: medium;\">Cu\u1ed1i n\u0103m 1985 t\u00f4i qua M\u1ef9 v\u00e0 s\u1ed1t s\u1eafng \u0111i h\u1ecdc th\u1ea7n h\u1ecdc \u0111\u1ec3 l\u00e0m m\u1ee5c s\u01b0. Tuy nhi\u00ean, v\u00ec v\u00e0i va ch\u1ea1m, b\u1ea5t m\u00e3n trong c\u00e1ch l\u00e0m vi\u1ec7c c\u1ee7a gi\u00e1o h\u1ed9i ng\u01b0\u1eddi M\u1ef9 (ch\u1ee7 tr\u01b0\u01a1ng \u0111\u1ebfm s\u1ed1 ng\u01b0\u1eddi ch\u1ecbu b\u00e1p-tem \u0111\u1ec3 b\u00e1o c\u00e1o), v\u00e0 v\u00ec t\u00f4i v\u1eabn y\u1ebfu \u0111u\u1ed1i ph\u1ea1m t\u1ed9i t\u00e0 d\u00e2m trong t\u01b0 t\u01b0\u1edfng (nh\u01b0: \u0111\u1ee9ng gi\u1ea3ng L\u1eddi Ch\u00faa m\u00e0 l\u1ea1i c\u00f3 t\u01b0 t\u01b0\u1edfng ham mu\u1ed1n t\u00e0 d\u00e2m khi nh\u00ecn th\u1ea5y c\u00e1c n\u1eef t\u00edn \u0111\u1ed3 xinh \u0111\u1eb9p \u0103n m\u1eb7c h\u1edf hang), n\u00ean cu\u1ed1i c\u00f9ng t\u00f4i l\u1ea1i xa r\u1eddi Ch\u00faa, d\u00f9 v\u1eabn tin v\u00e0o s\u1ef1 th\u1ef1c h\u1eefu v\u00e0 s\u1ef1 chu\u1ed9c t\u1ed9i c\u1ee7a Ng\u00e0i. <\/span><\/p>\n<p style=\"text-align: justify;\"><span style=\"font-family: arial,helvetica,sans-serif; font-size: medium;\">T\u00f4i quy\u1ebft \u0111\u1ecbnh ra kh\u1ecfi gi\u00e1o h\u1ed9i, tr\u1edf v\u1ec1 v\u1edbi cu\u1ed9c s\u1ed1ng t\u1ed9i, \u0111am m\u00ea c\u00e1c th\u1ee9 v\u0103n h\u00f3a ph\u1ea9m kh\u00eau g\u1ee3i t\u00e0 d\u00e2m, c\u00f3 c\u00e1c quan h\u1ec7 t\u00ecnh c\u1ea3m, x\u00e1c th\u1ecbt b\u1ea5t ch\u00ednh. Sau \u0111\u00f3, t\u00f4i quen v\u00e0 k\u1ebft h\u00f4n v\u1edbi nh\u00e0 t\u00f4i l\u00e0 m\u1ed9t ng\u01b0\u1eddi kh\u00f4ng tin Ch\u00faa, v\u00e0 ti\u1ebfp t\u1ee5c s\u1ed1ng xa c\u00e1ch Ch\u00faa, d\u1ea7u b\u1ec1 ngo\u00e0i t\u00f4i l\u00e0 m\u1ed9t ng\u01b0\u1eddi g\u01b0\u01a1ng m\u1eabu. M\u00e3i cho \u0111\u1ebfn th\u00e1ng Hai n\u0103m 2001, b\u1edfi s\u1ef1 nh\u00e2n t\u1eeb, th\u01b0\u01a1ng x\u00f3t l\u1edbn c\u1ee7a Ch\u00faa, Ng\u00e0i \u0111\u00e3 c\u1ee9u t\u00f4i tho\u00e1t ch\u1ebft b\u1eb1ng m\u1ed9t ph\u00e9p l\u1ea1; v\u00e0 t\u1eeb \u0111\u00f3, t\u00f4i quay l\u1ea1i v\u1edbi Ng\u00e0i, \u0111\u1ea7u ph\u1ee5c Ng\u00e0i. (Xin \u0111\u1ecdc l\u1eddi ch\u1ee9ng c\u1ee7a t\u00f4i trong b\u00e0i l\u00e0m ch\u1ee9ng c\u1ee7a nh\u00e0 t\u00f4i t\u1ea1i \u0111\u00e2y: <a href=\"http:\/\/timhieutinlanh.com\/phunu\/?p=38\" target=\"_blank\">http:\/\/timhieutinlanh.com\/phunu\/?p=38<\/a>. <\/span><\/p>\n<p style=\"text-align: justify;\"><span style=\"font-family: arial,helvetica,sans-serif; font-size: medium;\">T\u00f4i kh\u00f4ng d\u00e1m ngh\u0129 l\u00e0 m\u00ecnh c\u00f2n c\u00f3 th\u1ec3 h\u1ea7u vi\u1ec7c Ch\u00faa tr\u1edf l\u1ea1i trong ch\u1ee9c v\u1ee5 c\u1ee7a m\u1ed9t ng\u01b0\u1eddi rao gi\u1ea3ng Tin L\u00e0nh v\u00e0 ch\u0103n d\u1eaft b\u1ea7y chi\u00ean c\u1ee7a Ch\u00faa, nh\u01b0ng b\u1edfi s\u1ef1 nh\u00e2n t\u1eeb, th\u01b0\u01a1ng x\u00f3t l\u1edbn c\u1ee7a Ch\u00faa, Ng\u00e0i l\u1ea1i g\u1ecdi t\u00f4i v\u00e0o ch\u1ee9c v\u1ee5, v\u00e0 c\u1ea5t kh\u1ecfi t\u00f4i n\u1ed7i lo s\u1ee3 r\u1eb1ng, ng\u01b0\u1eddi ta s\u1ebd \u0111em qu\u00e1 kh\u1ee9 t\u1ed9i l\u1ed7i c\u1ee7a t\u00f4i ra \u0111\u1ec3 b\u00eau r\u1ebfu&#8230; <\/span><\/p>\n<p style=\"text-align: justify;\"><span style=\"font-family: arial,helvetica,sans-serif; font-size: medium;\">C\u1ea3m t\u1ea1 Ch\u00faa, sau hai n\u0103m Ch\u00faa d\u00f9ng v\u1ee3 ch\u1ed3ng t\u00f4i \u0111\u01b0a d\u1eaft h\u00e0ng tr\u0103m ng\u01b0\u1eddi \u0111\u1ebfn v\u1edbi s\u1ef1 c\u1ee9u r\u1ed7i c\u1ee7a Ng\u00e0i, qua c\u00e1c c\u01a1 s\u1edf l\u00e0m \u0103n c\u1ee7a ch\u00fang t\u00f4i, th\u00ec n\u0103m 2004 t\u00f4i tr\u1edf l\u1ea1i v\u1edbi ch\u1ee9c v\u1ee5, c\u00f9ng v\u1edbi nh\u00e0 t\u00f4i b\u1ecf vi\u1ec7c kinh doanh, b\u1ecf lu\u00f4n c\u01a1 s\u1edf l\u00e0m \u0103n khi kh\u00f4ng sang b\u00e1n \u0111\u01b0\u1ee3c, chuy\u00ean t\u00e2m s\u1ed1ng L\u1eddi Ch\u00faa v\u00e0 rao gi\u1ea3ng L\u1eddi Ch\u00faa. Th\u1ebf nh\u01b0ng \u0111\u1ebfn 2006 t\u00f4i m\u1edbi \u0111\u01b0\u1ee3c Ch\u00faa \u1ea5n ch\u1ee9ng hi\u1ec7n t\u01b0\u1ee3ng n\u00f3i ti\u1ebfng l\u1ea1 l\u00e0 \u0111\u1ebfn t\u1eeb t\u00e0 linh (<a href=\"http:\/\/timhieutinlanh.com\/biengiao\/?p=53\" target=\"_blank\">http:\/\/timhieutinlanh.com\/biengiao\/?p=53<\/a>); v\u00e0 \u0111\u1ebfn 2007 t\u00f4i m\u1edbi \u0111\u01b0\u1ee3c Ch\u00faa d\u1ea1y cho bi\u1ebft v\u1ec1 ng\u00e0y Sa-b\u00e1t. <\/span><\/p>\n<p style=\"text-align: justify;\"><span style=\"font-family: arial,helvetica,sans-serif; font-size: medium;\">T\u00f4i c\u00f3 th\u1eafc m\u1eafc r\u1eb1ng, t\u1ea1i sao Ch\u00faa kh\u00f4ng d\u1ea1y cho t\u00f4i bi\u1ebft c\u00e1c l\u1ebd th\u1eadt c\u1ee7a Ch\u00faa ngay t\u1eeb ban \u0111\u1ea7u, khi t\u00f4i \u0111\u00e3 th\u1eadt l\u00f2ng quay l\u1ea1i \u0111\u1ea7u ph\u1ee5c Ch\u00faa? Nh\u01b0ng r\u1ed3i, t\u00f4i nh\u1eadn bi\u1ebft r\u1eb1ng: L\u1ebd th\u1eadt \u0111\u00e3 c\u00f3 trong Th\u00e1nh Kinh. Ch\u1ec9 t\u1ea1i ch\u00fang ta l\u00e0 con d\u00e2n Ch\u00faa, \u0111\u00e3 qu\u00e1 quen thu\u1ed9c v\u1edbi nh\u1eefng s\u1ef1 gi\u1ea3 d\u1ed1i do c\u00e1c gi\u00e1o h\u1ed9i truy\u1ec1n d\u1ea1y, cho n\u00ean, ch\u00fang ta kh\u00f3 m\u00e0 nh\u00ecn th\u1ea5y l\u1ebd th\u1eadt v\u1eabn chi\u1ebfu s\u00e1ng qua L\u1eddi Ch\u00faa. <\/span><\/p>\n<p style=\"text-align: justify;\"><span style=\"font-family: arial,helvetica,sans-serif; font-size: medium;\">\u0110\u1ebfn gi\u1eefa n\u0103m 2009, Ch\u00faa \u0111em gia \u0111\u00ecnh ch\u00fang t\u00f4i v\u1ec1 m\u1ed9t th\u00e0nh ph\u1ed1 nh\u1ecf b\u00e9, h\u1ebdo l\u00e1nh, kh\u00f4ng c\u00f3 ng\u01b0\u1eddi Vi\u1ec7t, ho\u00e0n to\u00e0n xa l\u1ea1, \u0111\u1ec3 b\u1eaft \u0111\u1ea7u c\u00f4ng vi\u1ec7c phi\u00ean d\u1ecbch m\u1ed9t b\u1ea3n Th\u00e1nh Kinh Vi\u1ec7t Ng\u1eef th\u1eadt s\u00e1t v\u1edbi nguy\u00ean ng\u1eef H\u00ea-b\u01a1-r\u01a1 v\u00e0 Hy-l\u1ea1p (B\u1ea3n D\u1ecbch Ng\u00f4i L\u1eddi), v\u00e0 bi\u00ean so\u1ea1n s\u00e1ch ch\u00fa gi\u1ea3i Kh\u1ea3i Huy\u1ec1n, s\u1ebd \u0111\u01b0\u1ee3c k\u00e8m chung v\u1edbi cu\u1ed1n K\u1ef3 T\u1eadn Th\u1ebf (<a href=\"www.kytanthe.net\" target=\"_blank\">www.kytanthe.net<\/a>) cho d\u00e2n t\u1ed9c Vi\u1ec7t Nam, trong th\u1eddi k\u1ef3 cu\u1ed1i c\u00f9ng n\u00e0y. <\/span><\/p>\n<p style=\"text-align: justify;\"><span style=\"font-family: arial,helvetica,sans-serif; font-size: medium;\">Cu\u1ed9c di chuy\u1ec3n c\u1ee7a ch\u00fang t\u00f4i t\u1eeb Arizona v\u1ec1 Texas l\u00e0 m\u1ed9t ph\u00e9p l\u1ea1 \u0111\u1ee9c tin. Ch\u00fang t\u00f4i bi\u1ebft l\u00e0 s\u1ebd v\u1ec1 Texas nh\u01b0ng \u0111i m\u00e0 kh\u00f4ng bi\u1ebft m\u00ecnh \u0111i \u0111\u00e2u! Kh\u00f4ng bi\u1ebft r\u00f5 s\u1ebd t\u00e1i \u0111\u1ecbnh c\u01b0 t\u1ea1i m\u1ed9t th\u00e0nh ph\u1ed1 n\u00e0o trong s\u1ed1 h\u00e0ng ng\u00e0n th\u00e0nh ph\u1ed1 c\u1ee7a Texas. Nh\u01b0ng Ch\u00faa c\u00f3 ban cho nh\u00e0 t\u00f4i m\u1ed9t gi\u1ea5c m\u01a1, v\u00e0 t\u00f4i c\u1ee9 l\u00e1i xe theo s\u1ef1 d\u1eabn d\u1eaft c\u1ee7a Ch\u00faa, cho t\u1edbi khi ch\u00fang t\u00f4i g\u1eb7p \u0111\u01b0\u1ee3c c\u0103n nh\u00e0 m\u00e0 Ch\u00faa \u0111\u00e3 cho nh\u00e0 t\u00f4i nh\u00ecn th\u1ea5y trong gi\u1ea5c m\u01a1. Tr\u01b0\u1edbc khi di chuy\u1ec3n, Ch\u00faa \u0111\u00e3 sai m\u1ed9t ng\u01b0\u1eddi t\u00edn \u0111\u1ed3 (kh\u00f4ng \u1edf trong H\u1ed9i Th\u00e1nh do t\u00f4i qu\u1ea3n nhi\u1ec7m) mang cho ch\u00fang t\u00f4i $6000. Ch\u00fang t\u00f4i gom g\u00f3p h\u1ebft ti\u1ec1n b\u1ea1c m\u00ecnh c\u00f3, \u0111\u01b0\u1ee3c kho\u1ea3ng $1000 n\u1eefa. V\u00e0, ch\u00fang t\u00f4i l\u00ean \u0111\u01b0\u1eddng. <\/span><\/p>\n<p style=\"text-align: justify;\"><span style=\"font-family: arial,helvetica,sans-serif; font-size: medium;\">T\u00f4i r\u1ea5t say m\u00ea trong s\u1ef1 h\u1ecdc bi\u1ebft v\u1ec1 Ch\u00faa, k\u1ec3 c\u1ea3 trong su\u1ed1t th\u1eddi gian t\u00f4i v\u1eabn s\u1ed1ng trong t\u1ed9i v\u00e0 sau khi t\u00f4i \u0111\u00e3 b\u01b0\u1edbc ra kh\u1ecfi H\u1ed9i Th\u00e1nh c\u1ee7a Ch\u00faa. Ng\u00e0y tr\u01b0\u1edbc, t\u00f4i \u0111i l\u00e0m, trung b\u00ecnh 2\/4 ti\u1ec1n l\u01b0\u01a1ng l\u00e0 tr\u1ea3 ti\u1ec1n nh\u00e0, \u0111i\u1ec7n, n\u01b0\u1edbc, 1\/4 \u0111\u1ec3 \u0103n u\u1ed1ng, \u0111\u1ed5 x\u0103ng cho xe, v\u00e0 1\/4 \u0111\u1ec3 mua c\u00e1c lo\u1ea1i s\u00e1ch th\u1ea7n h\u1ecdc, gi\u1ea3i kinh (c\u00e1c lo\u1ea1i s\u00e1ch n\u00e0y r\u1ea5t m\u1eafc ti\u1ec1n; v\u1ec1 sau, khi c\u00f3 Internet v\u00e0 th\u00f4ng tin, t\u00e0i li\u1ec7u ng\u00e0y c\u00e0ng nhi\u1ec1u, th\u00ec t\u00f4i m\u1edbi kh\u00f4ng c\u00f2n mua s\u00e1ch nhi\u1ec1u n\u1eefa). T\u00f4i c\u00f3 nh\u1eefng tr\u00ed th\u1ee9c th\u1ea7n h\u1ecdc nh\u1ea5t \u0111\u1ecbnh, nh\u01b0ng b\u00e2y gi\u1edd, t\u00f4i \u0111\u00e3 bi\u1ebft, t\u1ea5t c\u1ea3 ch\u1ec9 l\u00e0 r\u01a1m r\u00e1c. Cao si\u00eau v\u1ec1 th\u1ea7n h\u1ecdc \u0111\u1ec3 l\u00e0m g\u00ec, khi v\u1eabn c\u00f2n s\u1ed1ng trong t\u1ed9i, v\u1eabn t\u01b0 t\u01b0\u1edfng t\u00e0 d\u00e2m, b\u1ea5t ch\u00ednh? C\u00e1c t\u00e0i li\u1ec7u th\u1ea7n h\u1ecdc, gi\u1ea3i kinh l\u00e0 con dao hai l\u01b0\u1ee1i, c\u00f3 th\u1ec3 gi\u00fap m\u00ecnh hi\u1ec3u bi\u1ebft Ch\u00faa qua kinh nghi\u1ec7m c\u1ee7a ng\u01b0\u1eddi kh\u00e1c, nh\u01b0ng c\u0169ng c\u00f3 th\u1ec3 d\u1eaft m\u00ecnh \u0111i sai l\u1ea1c kh\u1ecfi l\u1ebd th\u1eadt c\u1ee7a L\u1eddi Ch\u00faa. C\u00f3 th\u1ec3 n\u00f3i, k\u1ec3 t\u1eeb 2007 t\u00f4i ho\u00e0n to\u00e0n d\u1ef1a tr\u00ean L\u1eddi Ch\u00faa \u0111\u1ec3 h\u1ecdc bi\u1ebft v\u1ec1 Ch\u00faa v\u00e0 rao gi\u1ea3ng L\u1eddi Ch\u00faa, ch\u1ee9 kh\u00f4ng c\u00f2n d\u1ef1a v\u00e0o c\u00e1c s\u00e1ch th\u1ea7n h\u1ecdc hay c\u00e1c s\u00e1ch ch\u00fa gi\u1ea3i Th\u00e1nh Kinh, d\u00f9 r\u1eb1ng,ch\u00fang v\u1eabn c\u00f3 nh\u1eefng gi\u00e1 tr\u1ecb nh\u1ea5t \u0111\u1ecbnh \u0111\u1ec3 tham kh\u1ea3o. <\/span><\/p>\n<p style=\"text-align: justify;\"><span style=\"font-family: arial,helvetica,sans-serif; font-size: medium;\">Th\u01b0a anh_______, <\/span><\/p>\n<p style=\"text-align: justify;\"><span style=\"font-family: arial,helvetica,sans-serif; font-size: medium;\">T\u00f4i mong r\u1eb1ng, qua nh\u1eefng l\u1eddi t\u00e2m t\u00ecnh tr\u00ean \u0111\u00e2y, anh bi\u1ebft v\u1ec1 t\u00f4i r\u00f5 h\u01a1n m\u1ed9t ch\u00fat, \u0111\u1ec3 kh\u00f4ng c\u00f3 th\u00e0nh ki\u1ebfn ho\u1eb7c hi\u1ec3u l\u1ea7m s\u1ef1 tr\u00ecnh b\u00e0y c\u1ee7a t\u00f4i v\u1ec1 ng\u00e0y Sa-b\u00e1t c\u00f9ng v\u1edbi c\u00e1c c\u00e2u tr\u1ea3 l\u1eddi c\u1ee7a t\u00f4i cho c\u00e1c c\u00e2u h\u1ecfi c\u1ee7a anh. <\/span><\/p>\n<p style=\"text-align: justify;\"><span style=\"font-family: arial,helvetica,sans-serif; font-size: medium;\">T\u00f4i tr\u00e2n tr\u1ecdng, k\u00ednh m\u1eddi anh c\u00f9ng v\u1edbi t\u00f4i, ch\u00fang ta c\u1ea7u nguy\u1ec7n xin Ch\u00faa \u1edf c\u00f9ng, soi s\u00e1ng v\u00e0 d\u1eabn d\u1eaft, m\u1ed7i khi \u0111\u1ecdc v\u00e0 tr\u1ea3 l\u1eddi email cho nhau. \u0110\u1ed3ng th\u1eddi, g\u00e1c qua m\u1ecdi t\u01b0 t\u01b0\u1edfng th\u1ea7n h\u1ecdc (nh\u01b0 th\u1ea7n h\u1ecdc v\u1ec1 ng\u00e0y Sa-b\u00e1t T\u00e2n \u01af\u1edbc &#8211; Th\u00e1nh Kinh kh\u00f4ng h\u1ec1 n\u00f3i \u0111\u1ebfn ng\u00e0y Sa-b\u00e1t T\u00e2n \u01af\u1edbc, c\u0169ng nh\u01b0 Th\u00e1nh Kinh kh\u00f4ng h\u1ec1 g\u1ecdi ng\u00e0y Sa-b\u00e1t l\u00e0 ng\u00e0y Sa-b\u00e1t C\u1ef1u \u01af\u1edbc), \u0111\u1ec3 ch\u1ec9 d\u00f9ng L\u1eddi Ch\u00faa gi\u1ea3i th\u00edch L\u1eddi Ch\u00faa m\u00e0 th\u00f4i. C\u00f3 nh\u01b0 v\u1eady, ch\u00fang ta m\u1edbi kh\u00f4ng ph\u00ed th\u1eddi gian v\u00f4 \u00edch trong cu\u1ed9c trao \u0111\u1ed5i n\u00e0y. <\/span><\/p>\n<p style=\"text-align: justify;\"><span style=\"font-family: arial,helvetica,sans-serif; font-size: medium;\">K\u00ednh l\u1ea1y Cha \u1edf tr\u00ean tr\u1eddi c\u1ee7a ch\u00fang con. Xin Ng\u00e0i ban \u01a1n cho cu\u1ed9c trao \u0111\u1ed5i gi\u1eefa con v\u00e0 anh _______. Con c\u1ea3m t\u1ea1 \u01a1n Ng\u00e0i. Trong danh \u0110\u1ee9c Ch\u00faa Jesus Christ. A-men! <\/span><\/p>\n<p style=\"text-align: justify;\"><span style=\"font-family: arial,helvetica,sans-serif; font-size: medium;\">Trong \u00e2n \u0111i\u1ec3n c\u1ee7a \u0110\u1ee9c Ch\u00faa Jesus Christ.<\/span><br \/>\n<span style=\"font-family: arial,helvetica,sans-serif; font-size: medium;\">Hu\u1ef3nh Christian Timothy<\/span><\/p>\n","protected":false},"excerpt":{"rendered":"<p>. M\u1ee5c S\u01b0 Nguy\u1ec5n Qu\u1ed1c\u00a0\u1ea4n Kh\u00f4ng \u0111\u1ed3ng\u00a0\u00fd\u00a0C\u01a1-\u0111\u1ed1c nh\u00e2n ph\u1ea3i gi\u1eef ng\u00e0y Sa-b\u00e1t Th\u1ee9 B\u1ea3y theo\u00a0\u0111i\u1ec1u r\u0103n th\u1ee9 t\u01b0. . M\u1ee5c T\u1eed\u00a0Hu\u1ef3nh Christian Timothy Gi\u1ea3ng d\u1ea1y r\u1eb1ng:\u00a0C\u01a1-\u0111\u1ed1c nh\u00e2n ph\u1ea3i gi\u1eef M\u01b0\u1eddi\u00a0\u0110i\u1ec1u <a class=\"more-link\" href=\"https:\/\/timhieutinlanh.com\/biengiao\/vai-net-so-luoc-ve-hai-bien-gia-chinh\/\">\u0110\u1ecdc Ti\u1ebfp \u2192<\/a><\/p>\n","protected":false},"author":1,"featured_media":0,"parent":0,"menu_order":0,"comment_status":"closed","ping_status":"closed","template":"","meta":{"footnotes":""},"class_list":["post-474","page","type-page","status-publish","hentry"],"_links":{"self":[{"href":"https:\/\/timhieutinlanh.com\/biengiao\/wp-json\/wp\/v2\/pages\/474","targetHints":{"allow":["GET"]}}],"collection":[{"href":"https:\/\/timhieutinlanh.com\/biengiao\/wp-json\/wp\/v2\/pages"}],"about":[{"href":"https:\/\/timhieutinlanh.com\/biengiao\/wp-json\/wp\/v2\/types\/page"}],"author":[{"embeddable":true,"href":"https:\/\/timhieutinlanh.com\/biengiao\/wp-json\/wp\/v2\/users\/1"}],"replies":[{"embeddable":true,"href":"https:\/\/timhieutinlanh.com\/biengiao\/wp-json\/wp\/v2\/comments?post=474"}],"version-history":[{"count":9,"href":"https:\/\/timhieutinlanh.com\/biengiao\/wp-json\/wp\/v2\/pages\/474\/revisions"}],"predecessor-version":[{"id":484,"href":"https:\/\/timhieutinlanh.com\/biengiao\/wp-json\/wp\/v2\/pages\/474\/revisions\/484"}],"wp:attachment":[{"href":"https:\/\/timhieutinlanh.com\/biengiao\/wp-json\/wp\/v2\/media?parent=474"}],"curies":[{"name":"wp","href":"https:\/\/api.w.org\/{rel}","templated":true}]}}