{"id":443,"date":"2013-11-24T16:53:00","date_gmt":"2013-11-24T22:53:00","guid":{"rendered":"http:\/\/timhieutinlanh.com\/biengiao\/?page_id=443"},"modified":"2013-12-18T17:11:21","modified_gmt":"2013-12-18T23:11:21","slug":"01-ngay-sa-bat-trong-thanh-kinh-va-lich","status":"publish","type":"page","link":"https:\/\/timhieutinlanh.com\/biengiao\/01-ngay-sa-bat-trong-thanh-kinh-va-lich\/","title":{"rendered":"Ng\u00e0y Sa-b\u00e1t Trong Th\u00e1nh Kinh v\u00e0 L\u1ecbch"},"content":{"rendered":"<p style=\"text-align: justify;\">\n\t<span style=\"font-family: arial,helvetica,sans-serif; font-size: medium;\">Trong di\u1ec5n \u0111&agrave;n n&agrave;y, xin c&aacute;c th&agrave;nh vi&ecirc;n ch\u1ec9 th\u1ea3o lu\u1eadn v\u1ec1 m\u1ed1i li&ecirc;n quan gi\u1eefa Ng&agrave;y Sa-b&aacute;t trong&nbsp;Th&aacute;nh Kinh v&agrave; l\u1ecbch m&agrave; ch&uacute;ng ta&nbsp;\u0111ang d&ugrave;ng ng&agrave;y h&ocirc;m nay.<\/span>\n<\/p>\n<p style=\"text-align: justify;\">\n\t<span style=\"font-family: arial,helvetica,sans-serif; font-size: medium;\"><strong>M\u1ee5c \u0111&iacute;ch c\u1ee7a s\u1ef1 th\u1ea3o lu\u1eadn l&agrave;<\/strong>: X&aacute;c&nbsp;\u0111\u1ecbnh ho\u1eb7c ph\u1ee7&nbsp;\u0111\u1ecbnh ng&agrave;y Th\u1ee9 B\u1ea3y Sa-b&aacute;t trong&nbsp;Th&aacute;nh Kinh l&agrave; ng&agrave;y Th\u1ee9 B\u1ea3y trong l\u1ecbch ch&uacute;ng ta d&ugrave;ng ng&agrave;y h&ocirc;m nay.<\/span>\n<\/p>\n<p style=\"text-align: justify;\">\n\t<span style=\"font-family: arial,helvetica,sans-serif; font-size: medium;\">Nh\u1eefng b&agrave;i n&agrave;o kh&ocirc;ng n\u1eb1m trong m\u1ee5c&nbsp;\u0111&iacute;ch n&ecirc;u tr&ecirc;n, s\u1ebd b\u1ecb x&oacute;a b\u1ecf.<\/span>\n<\/p>\n<p style=\"text-align: justify;\">\n\t<span style=\"font-family: arial,helvetica,sans-serif; font-size: medium;\">Admin<\/span>\n<\/p>\n<hr \/>\n<p style=\"text-align: justify;\">\n\t<span style=\"font-family: arial,helvetica,sans-serif; font-size: medium;\"><strong>Quan \u0111i\u1ec3m tr&iacute;ch t\u1eeb b&agrave;i vi\u1ebft c\u1ee7a M\u1ee5c S\u01b0 Nguy\u1ec5n Qu\u1ed1c&nbsp;\u1ea4n:<\/strong> <\/span><br \/>\n\t<span style=\"font-family: arial,helvetica,sans-serif; font-size: medium;\">http:\/\/timhieutinlanh.com\/biengiao\/?page_id=440<\/span>\n<\/p>\n<p style=\"text-align: justify;\">\n\t<span style=\"font-family: arial,helvetica,sans-serif; font-size: medium;\">T&ocirc;i xin b\u1ed5 sung th&ecirc;m nh\u1eefng g&igrave; t&ocirc;i bi\u1ebft v\u1ec1 ng&agrave;y Sabat. Ti\u1ebfng H&ecirc;-b\u01a1-r\u01a1, ch\u1eef Sabat xu\u1ea5t ph&aacute;t t\u1eeb ch\u1eef Sabety ngh\u0129a l&agrave; s\u1ed1 7 (number seven), ch\u1ee9 kh&ocirc;ng ph\u1ea3i l&agrave; th\u1ee9 B\u1ea3y (Ti\u1ebfng Anh: Saturday, hay ti\u1ebfng Ph&aacute;p: Samedi). Th\u1ebf th&igrave;, th\u1ee9 B\u1ea3y m&agrave; KT n&oacute;i, kh&ocirc;ng n&oacute;i v\u1ec1 th\u1ee9 B\u1ea3y m&agrave; hi\u1ec7n nay theo l\u1ecbch c\u1ee7a c&aacute;c n\u01b0\u1edbc <b>kh&ocirc;ng Do Th&aacute;i<\/b> s\u1eed d\u1ee5ng. V&igrave; \u0111i\u1ec1u \u0110CT ph&aacute;n tr\u01b0\u1edbc khi c&oacute; l\u1ecbch. Ch&uacute;ng ta h&atilde;y xem &yacute; ki\u1ebfn sau \u0111&acirc;y tr&ecirc;n B&aacute;ch Khoa To&agrave;n Th\u01b0:<\/span>\n<\/p>\n<p style=\"text-align: justify;\">\n\t<span style=\"font-family: arial,helvetica,sans-serif; font-size: medium;\">L\u1ecbch \u0111\u01b0\u1ee3c s\u1eed d\u1ee5ng r\u1ed9ng r&atilde;i nh\u1ea5t ng&agrave;y nay l&agrave; l\u1ecbch Gregory, tr&ecirc;n th\u1ef1c t\u1ebf n&oacute; l&agrave; ti&ecirc;u chu\u1ea9n qu\u1ed1c t\u1ebf, v&agrave; n&oacute; \u0111\u01b0\u1ee3c s\u1eed d\u1ee5ng \u1edf m\u1ecdi n\u01a1i tr&ecirc;n kh\u1eafp th\u1ebf gi\u1edbi cho c&aacute;c m\u1ee5c \u0111&iacute;ch th&ocirc;ng th\u01b0\u1eddng, bao g\u1ed3m c\u1ea3 <a href=\"http:\/\/vi.wikipedia.org\/wiki\/Trung_Qu%E1%BB%91c\" title=\"Trung Qu\u1ed1c\">Trung Qu\u1ed1c<\/a> v&agrave; <a href=\"http:\/\/vi.wikipedia.org\/wiki\/%E1%BA%A4n_%C4%90%E1%BB%99\" title=\"\u1ea4n \u0110\u1ed9\">\u1ea4n \u0110\u1ed9<\/a> l&agrave; nh\u1eefng qu\u1ed1c gia tr\u01b0\u1edbc \u0111&acirc;y s\u1eed d\u1ee5ng l\u1ecbch kh&aacute;c. L\u1ecbch Do Th&aacute;i l&agrave; l\u1ecbch ch&iacute;nh th\u1ee9c c\u1ee7a ch&iacute;nh quy\u1ec1n <a href=\"http:\/\/vi.wikipedia.org\/wiki\/Israel\" title=\"Israel\">Israel<\/a>, nh\u01b0ng l\u1ecbch Gregory \u0111\u01b0\u1ee3c s\u1eed d\u1ee5ng r\u1ed9ng r&atilde;i h\u01a1n trong kinh doanh \u1edf Israel v&agrave; c&agrave;ng ng&agrave;y c&agrave;ng \u0111\u01b0\u1ee3c \u01b0a chu\u1ed9ng h\u01a1n. L\u1ecbch Ba T\u01b0 \u0111\u01b0\u1ee3c s\u1eed d\u1ee5ng \u1edf <a href=\"http:\/\/vi.wikipedia.org\/wiki\/Iran\" title=\"Iran\">Iran<\/a> v&agrave; <a href=\"http:\/\/vi.wikipedia.org\/wiki\/Afghanistan\" title=\"Afghanistan\">Afghanistan<\/a>. L\u1ecbch H\u1ed3i gi&aacute;o \u0111\u01b0\u1ee3c s\u1eed d\u1ee5ng b\u1edfi nh\u1eefng ng\u01b0\u1eddi theo \u0111\u1ea1o H\u1ed3i tr&ecirc;n to&agrave;n th\u1ebf gi\u1edbi. C&aacute;c lo\u1ea1i l\u1ecbch Trung Qu\u1ed1c, H&ecirc;br\u01a1, Hindu v&agrave; l\u1ecbch Julius c\u0169ng \u0111\u01b0\u1ee3c s\u1eed d\u1ee5ng r\u1ed9ng r&atilde;i trong c&aacute;c m\u1ee5c \u0111&iacute;ch t&ocirc;n gi&aacute;o v&agrave;\/ho\u1eb7c x&atilde; h\u1ed9i.<\/span>\n<\/p>\n<p style=\"text-align: justify;\">\n\t<span style=\"font-family: arial,helvetica,sans-serif; font-size: medium;\"><b>L\u1ecbch Hebrew<\/b> (\u05d4\u05dc\u05d5\u05d7 \u05d4\u05e2\u05d1\u05e8\u05d9 ha&#39;luach ha&#39;ivri), ho\u1eb7c l\u1ecbch Do Th&aacute;i, l&agrave; m\u1ed9t h\u1ec7 th\u1ed1ng <a href=\"http:\/\/vi.wikipedia.org\/wiki\/L%E1%BB%8Bch\" title=\"L\u1ecbch\">l\u1ecbch<\/a> ng&agrave;y nay \u0111\u01b0\u1ee3c s\u1eed d\u1ee5ng ch\u1ee7 y\u1ebfu l&agrave; \u0111\u1ec3 x&aacute;c \u0111\u1ecbnh c&aacute;c ng&agrave;y l\u1ec5 t&ocirc;n gi&aacute;o c\u1ee7a <a href=\"http:\/\/vi.wikipedia.org\/wiki\/Ng%C6%B0%E1%BB%9Di_Do_Th%C3%A1i\" title=\"Ng\u01b0\u1eddi Do Th\u00e1i\">ng\u01b0\u1eddi Do Th&aacute;i<\/a>. H\u1ec7 th\u1ed1ng l\u1ecbch n&agrave;y x&aacute;c \u0111\u1ecbnh c&aacute;c ng&agrave;y ngh\u1ec9 l\u1ec5 c\u1ee7a ng\u01b0\u1eddi Do Th&aacute;i nh\u01b0 Torah, yahrzeits (ng&agrave;y \u0111\u1ec3 t\u01b0\u1edfng ni\u1ec7m c&aacute;i ch\u1ebft c\u1ee7a ng\u01b0\u1eddi th&acirc;n), v&agrave; \u0111\u1ecdc Th&aacute;nh V\u1ecbnh h&agrave;ng ng&agrave;y, v&agrave; nhi\u1ec1u \u1ee9ng d\u1ee5ng nghi l\u1ec5 kh&aacute;c. T\u1ea1i Israel, h\u1ec7 th\u1ed1ng l\u1ecbch n&agrave;y l&agrave; l\u1ecbch ch&iacute;nh th\u1ee9c cho c&aacute;c m\u1ee5c \u0111&iacute;ch d&acirc;n s\u1ef1 v&agrave; l&agrave; c&aacute;c m\u1ed1c th\u1eddi gian cho ng&agrave;nh n&ocirc;ng nghi\u1ec7p.<\/span>\n<\/p>\n<p style=\"text-align: justify;\">\n\t<span style=\"font-family: arial,helvetica,sans-serif; font-size: medium;\">L\u1ecbch s\u1eed c\u1ee7a th&aacute;ng gi&ecirc;ng, th&aacute;ng Nisan, hay th&aacute;ng \u0111\u1ea7u n\u0103m c\u1ee7a l\u1ecbch Do Th&aacute;i b\u1eaft ngu\u1ed3n t\u1eeb bi\u1ebfn c\u1ed1 &ETH;\u1ee9c Giav&ecirc; gi\u1ea3i ph&oacute;ng d&acirc;n Do Th&aacute;i ra kh\u1ecfi &aacute;ch n\u1ed9 l\u1ec7 Ai C\u1eadp. Th\u1eddi M&ocirc;s&ecirc;, ngh\u0129a l&agrave; c&aacute;ch \u0111&acirc;y kho\u1ea3ng 3250 n\u0103m, v&agrave;o \u0111\u1ea7u th&aacute;ng x\u1ea3y ra cu\u1ed9c gi\u1ea3i ph&oacute;ng n&agrave;y, l&uacute;c \u0111&oacute; d&acirc;n Do Th&aacute;i c&ograve;n \u0111ang trong t&igrave;nh tr\u1ea1ng n&ocirc; l\u1ec7 b&ecirc;n Ai C\u1eadp, &ETH;\u1ee9c Giav&ecirc; ra l\u1ec7nh cho M&ocirc;s&ecirc; v&agrave; Aaron r\u1eb1ng:<i> &ETH;\u1ed1i v\u1edbi c&aacute;c ng\u01b0\u01a1i, th&aacute;ng n&agrave;y ph\u1ea3i l&agrave; th&aacute;ng \u0111\u1ea7u cho t\u1ea5t c\u1ea3 nh\u1eefng th&aacute;ng kh&aacute;c, t\u1ee9c l&agrave; th&aacute;ng \u0111\u1ea7u ti&ecirc;n trong n\u0103m <\/i>(Xh 12, 1).<\/span>\n<\/p>\n<p style=\"text-align: justify;\">\n\t<span style=\"font-family: arial,helvetica,sans-serif; font-size: medium;\">Nh\u1eefng &yacute; ki\u1ebfn tr&ecirc;n \u0111&acirc;y gi&uacute;p ta hi\u1ec3u r\u1eb1ng, l\u1ecbch c\u1ee7a Vi\u1ec7t Nam v&agrave; c&aacute;c n\u01b0\u1edbc kh&aacute;c tr&ecirc;n th\u1ebf gi\u1edbi, kh&aacute;c v\u1edbi l\u1ecbch Do Th&aacute;i. Cho n&ecirc;n, g&aacute;n cho ng&agrave;y th\u1ee9 B\u1ea3y c\u1ee7a Vi\u1ec7t Nam ho\u1eb7c Sarturday c\u1ee7a Anh, M\u1ef9, ho\u1eb7c Samedi c\u1ee7a Ph&aacute;p ho\u1eb7c c\u1ee7a c&aacute;c d&acirc;n t\u1ed9c kh&aacute;c l&agrave; ng&agrave;y Sabat trong KT; l&agrave; m\u1ed9t g\u01b0\u1ee3ng &eacute;p v&ocirc; l&yacute;, n\u1ebfu kh&ocirc;ng mu\u1ed1n n&oacute;i l&agrave; n\u1ef1c c\u01b0\u1eddi.<\/span>\n<\/p>\n<p style=\"text-align: justify;\">\n\t<span style=\"font-family: arial,helvetica,sans-serif; font-size: medium;\">T\u01b0\u01a1ng t\u1ef1 nh\u01b0 v\u1eady, KT ch&eacute;p: <i>&ldquo;T\u1eeb gi\u1edd th\u1ee9 s&aacute;u \u0111\u1ebfn gi\u1edd th\u1ee9 ch&iacute;n&rdquo;<\/i> (Math 27:45), th&igrave; kh&ocirc;ng c&oacute; ngh\u0129a l&agrave; t\u1eeb 6:00 \u0111\u1ebfn 9:00 (AM), m&agrave; l&agrave; t\u1eeb gi\u1eefa tr\u01b0a \u0111\u1ebfn 3 gi\u1edd chi\u1ec1u (PM). Ho\u1eb7c: <i>&ldquo;Nh\u1eefng ng\u01b0\u1eddi n\u1ea7y ch\u1eb3ng ph\u1ea3i say nh\u01b0 c&aacute;c ng\u01b0\u1eddi ng\u1edd \u0111&acirc;u, v&igrave; b&acirc;y gi\u1edd m\u1edbi l&agrave; gi\u1edd th\u1ee9 ba ban ng&agrave;y&rdquo;<\/i> (C&ocirc;ng V\u1ee5 2:15), kh&ocirc;ng c&oacute; ngh\u0129a l&agrave; 3 gi\u1edd s&aacute;ng ho\u1eb7c 3 gi\u1edd chi\u1ec1u m&agrave; l&agrave; 9 gi\u1edd s&aacute;ng (AM). Ho\u1eb7c: <i>&ldquo;\u0110\u01b0\u01a1ng ban ng&agrave;y, nh\u1eb1m gi\u1edd th\u1ee9 ch&iacute;n&rdquo;<\/i> (C&ocirc;ng V\u1ee5 10:3,9), kh&ocirc;ng ph\u1ea3i l&agrave; 9g s&aacute;ng, m&agrave; l&agrave; 3 gi\u1edd chi\u1ec1u. &Ocirc;ng Ma-thi-\u01a1, &ocirc;ng Phi-e-r\u01a1 v&agrave; &ocirc;ng Luca l&agrave; ng\u01b0\u1eddi Do Th&aacute;i, ba &ocirc;ng ph&aacute;t bi\u1ec3u th\u1eddi gian theo c&aacute;ch c\u1ee7a ng\u01b0\u1eddi Do Th&aacute;i, kh&aacute;c v\u1edbi ng\u01b0\u1eddi Vi\u1ec7t Nam hay ng\u01b0\u1eddi M\u1ef9, ng\u01b0\u1eddi Ph&aacute;p ph&aacute;t bi\u1ec3u v\u1ec1 th\u1eddi gian.<\/span>\n<\/p>\n<p style=\"text-align: justify;\">\n\t<span style=\"font-family: arial,helvetica,sans-serif; font-size: medium;\">Ho\u1eb7c nh\u01b0 KT ch&eacute;p: <i>&ldquo;Ng&agrave;y th\u1ee9 nh\u1ea5t trong tu\u1ea7n l\u1ec5&hellip;&rdquo;<\/i> (M&aacute;c 16:2) th&igrave; kh&ocirc;ng c&oacute; ngh\u0129a l&agrave; ng&agrave;y Ch&uacute;a Nh\u1eadt (Sunday). Hi\u1ec7n nay gi\u1eefa gi&aacute;o h\u1ed9i C\u01a1 \u0110\u1ed1c Ph\u1ee5c L&acirc;m v&agrave; c&aacute;c h\u1ec7 ph&aacute;i Tin L&agrave;nh truy\u1ec1n th\u1ed1ng tranh c&atilde;i nhau v\u1ec1 th\u1edd ph\u01b0\u1ee3ng Ch&uacute;a trong ng&agrave;y Th\u1ee9 B\u1ea3y hay ng&agrave;y Ch&uacute;a Nh\u1eadt. Th\u1eadt ra, \u0111\u1ec1u kh&ocirc;ng c&oacute; c\u0103n c\u1ee9 n&agrave;o \u0111&uacute;ng theo KT. B\u1edfi v&igrave; l\u1ecbch c\u1ee7a ng\u01b0\u1eddi Do Th&aacute;i kh&ocirc;ng nh\u01b0 l\u1ecbch c\u1ee7a ng\u01b0\u1eddi Vi\u1ec7t Nam. Ch\u1eb3ng qua l&agrave; \u01b0\u1edbc l\u1ec7 c\u1ee7a gi&aacute;o h\u1ed9i m&agrave; th&ocirc;i.<\/span>\n<\/p>\n<p style=\"text-align: justify;\">\n\t<span style=\"font-family: arial,helvetica,sans-serif; font-size: medium;\">Th\u1ebf th&igrave; c&aacute;c t&iacute;n h\u1eefu ph\u1ea3i l&agrave;m sao cho \u0111&uacute;ng v\u1edbi KT? Th\u1eadt ra ng&agrave;y n&agrave;o th\u1edd ph\u01b0\u1ee3ng Ch&uacute;a l&agrave; kh&ocirc;ng quan tr\u1ecdng \u0111\u1ed1i v\u1edbi Ch&uacute;a. C&aacute;c h\u1ecdc gi\u1ea3 KT \u0111\u1ec1u \u0111\u1ed3ng &yacute; r\u1eb1ng, c&aacute;c b&agrave;y t\u1ecf c\u1ee7a \u0110CT c&oacute; nh\u1eefng b&agrave;y t\u1ecf ch\u01b0a c\u1ee5 th\u1ec3, r&otilde; r&agrave;ng cho nh&acirc;n lo\u1ea1i, ho\u1eb7c c&oacute; nh\u1eefng b&agrave;y t\u1ecf mang t&iacute;nh nguy&ecirc;n t\u1eafc, ch\u1ee9 kh&ocirc;ng nh\u1ea5t thi\u1ebft bu\u1ed9c ph\u1ea3i \u0111&uacute;ng t\u1eebng l\u1eddi t\u1eebng ch\u1eef.<\/span>\n<\/p>\n<p style=\"text-align: justify;\">\n\t&nbsp;<\/p>\n","protected":false},"excerpt":{"rendered":"<p>Trong di\u1ec5n \u0111&agrave;n n&agrave;y, xin c&aacute;c th&agrave;nh vi&ecirc;n ch\u1ec9 th\u1ea3o lu\u1eadn v\u1ec1 m\u1ed1i li&ecirc;n quan gi\u1eefa Ng&agrave;y Sa-b&aacute;t trong&nbsp;Th&aacute;nh Kinh v&agrave; l\u1ecbch m&agrave; ch&uacute;ng ta&nbsp;\u0111ang d&ugrave;ng ng&agrave;y h&ocirc;m nay. M\u1ee5c <a class=\"more-link\" href=\"https:\/\/timhieutinlanh.com\/biengiao\/01-ngay-sa-bat-trong-thanh-kinh-va-lich\/\">\u0110\u1ecdc Ti\u1ebfp \u2192<\/a><\/p>\n","protected":false},"author":1,"featured_media":0,"parent":0,"menu_order":0,"comment_status":"closed","ping_status":"closed","template":"","meta":{"footnotes":""},"class_list":["post-443","page","type-page","status-publish","hentry"],"_links":{"self":[{"href":"https:\/\/timhieutinlanh.com\/biengiao\/wp-json\/wp\/v2\/pages\/443","targetHints":{"allow":["GET"]}}],"collection":[{"href":"https:\/\/timhieutinlanh.com\/biengiao\/wp-json\/wp\/v2\/pages"}],"about":[{"href":"https:\/\/timhieutinlanh.com\/biengiao\/wp-json\/wp\/v2\/types\/page"}],"author":[{"embeddable":true,"href":"https:\/\/timhieutinlanh.com\/biengiao\/wp-json\/wp\/v2\/users\/1"}],"replies":[{"embeddable":true,"href":"https:\/\/timhieutinlanh.com\/biengiao\/wp-json\/wp\/v2\/comments?post=443"}],"version-history":[{"count":7,"href":"https:\/\/timhieutinlanh.com\/biengiao\/wp-json\/wp\/v2\/pages\/443\/revisions"}],"predecessor-version":[{"id":547,"href":"https:\/\/timhieutinlanh.com\/biengiao\/wp-json\/wp\/v2\/pages\/443\/revisions\/547"}],"wp:attachment":[{"href":"https:\/\/timhieutinlanh.com\/biengiao\/wp-json\/wp\/v2\/media?parent=443"}],"curies":[{"name":"wp","href":"https:\/\/api.w.org\/{rel}","templated":true}]}}