{"id":1189,"date":"2024-01-31T15:47:10","date_gmt":"2024-01-31T08:47:10","guid":{"rendered":"https:\/\/timhieutinlanh.com\/biengiao\/?page_id=1189"},"modified":"2024-01-31T15:47:10","modified_gmt":"2024-01-31T08:47:10","slug":"neu-ban-bi-bo-lai","status":"publish","type":"page","link":"https:\/\/timhieutinlanh.com\/biengiao\/neu-ban-bi-bo-lai\/","title":{"rendered":"N\u1ebfu B\u1ea1n B\u1ecb B\u1ecf L\u1ea1i"},"content":{"rendered":"<p>&nbsp;<\/p>\n<p><span style=\"font-size: 20px;\"><strong>Xin b\u1ea5m v\u00e0o n\u1ed1i m\u1ea1ng d\u01b0\u1edbi \u0111\u00e2y \u0111\u1ec3 \u0111\u1ecdc v\u00e0 nghe b\u00e0i gi\u1ea3ng &#8220;N\u1ebfu B\u1ea1n B\u1ecb B\u1ecf L\u1ea1i&#8221;:<br \/>\n<a href=\"https:\/\/kytanthe.net\/069-neu-ban-bi-bo-lai\" target=\"_blank\" rel=\"noopener\">https:\/\/kytanthe.net\/069-neu-ban-bi-bo-lai<\/a><\/strong><\/span><\/p>\n<p><strong><span style=\"font-size: 20px;\">Xin v\u00e0o \u0111\u00e2y t\u1ea3i xu\u1ed1ng t\u1ea5t c\u1ea3 c\u00e1c b\u00e0i gi\u1ea3ng v\u00e0 th\u00e1nh ca (zip files):<\/span><\/strong><br \/>\n<a href=\"https:\/\/od.lk\/fl\/MV8zOTQzNzU1NF8\" target=\"_blank\" rel=\"noopener\"><strong><span style=\"font-size: 20px;\">https:\/\/od.lk\/fl\/MV8zOTQzNzU1NF8<\/span><\/strong><\/a><\/p>\n<p>&nbsp;<\/p>\n<p><span style=\"font-size: 28px;\"><strong>H\u01b0\u1edbng D\u1eabn C\u00e1ch T\u00e1i T\u1ea1o C\u00e1c Website c\u1ee7a H\u1ed9i Th\u00e1nh Tr\u00ean Computer<\/strong><\/span><\/p>\n<p style=\"text-align: right;\"><span style=\"font-size: 20px;\"><strong>Nguy\u1ec5n Ng\u1ecdc T\u00fa<\/strong><\/span><\/p>\n<p><span style=\"font-size: 20px;\"><strong>I. T\u1ea3i V\u1ec1 C\u00e1c Nhu Li\u1ec7u:<\/strong><\/span><\/p>\n<p><span style=\"font-size: 20px;\">Th\u01b0 m\u1ee5c ch\u1ee9a c\u00e1c nhu li\u1ec7u c\u1ea7n thi\u1ebft \u0111\u1ec3 t\u00e1i t\u1ea1o website: <a href=\"https:\/\/od.lk\/fl\/NV8xOTkwMzk0OF8\">https:\/\/od.lk\/fl\/NV8xOTkwMzk0OF8<\/a><\/span><\/p>\n<p><span style=\"font-weight: 400; font-size: 20px;\">B\u1ea5m v\u00e0o \u0111\u01b0\u1eddng link b\u00ean c\u1ea1nh \u0111\u1ec3 t\u1ea3i v\u1ec1:<\/span><\/p>\n<p><span style=\"font-weight: 400; font-size: 20px;\"><strong>1. XAMPP:<\/strong> <a href=\"https:\/\/od.lk\/d\/NV8xNTM1NTIyODBf\/xampp.exe\">https:\/\/od.lk\/d\/NV8xNTM1NTIyODBf\/xampp.exe<\/a><\/span><\/p>\n<p><span style=\"font-size: 20px;\"><strong>2. M\u00e3 ngu\u1ed3n c\u00e1c website:<\/strong><\/span><\/p>\n<ol>\n<li><span style=\"font-weight: 400; font-size: 20px;\">T\u00ecm Hi\u1ec3u Th\u00e1nh Kinh: <a href=\"https:\/\/od.lk\/d\/NV8xNTM1NTIzMTNf\/timhieuthanhkinh.zip\">https:\/\/od.lk\/d\/NV8xNTM1NTIzMTNf\/timhieuthanhkinh.zip<\/a><\/span><\/li>\n<li><span style=\"font-weight: 400; font-size: 20px;\">K\u1ef3 T\u1eadn Th\u1ebf: <a href=\"https:\/\/od.lk\/d\/NV8xNTM1NTIzMzdf\/kytanthe.zip\">https:\/\/od.lk\/d\/NV8xNTM1NTIzMzdf\/kytanthe.zip<\/a><\/span><\/li>\n<li><span style=\"font-weight: 400; font-size: 20px;\">T\u00ecm Hi\u1ec3u Tin L\u00e0nh: <a href=\"https:\/\/od.lk\/d\/NV8xNTM1NTIzNDVf\/timhieutinlanh.zip\">https:\/\/od.lk\/d\/NV8xNTM1NTIzNDVf\/timhieutinlanh.zip<\/a><\/span><\/li>\n<li><span style=\"font-size: 20px;\">Bi\u1ec7n Gi\u00e1o: <a href=\"https:\/\/od.lk\/d\/NV8xNTM1NzE1ODlf\/biengiao.zip\">https:\/\/od.lk\/d\/NV8xNTM1NzE1ODlf\/biengiao.zip<\/a><\/span><\/li>\n<li><span style=\"font-size: 20px;\">Th\u1ea7n H\u1ecdc: <a href=\"https:\/\/od.lk\/d\/NV8xNTM1NzE1OTFf\/thanhoc.zip\">https:\/\/od.lk\/d\/NV8xNTM1NzE1OTFf\/thanhoc.zip<\/a><\/span><\/li>\n<li><span style=\"font-size: 20px;\">Karaoke Th\u00e1nh Ca: <a href=\"https:\/\/od.lk\/d\/NV8xNTM1NzE1OTBf\/karaokethanhca.zip\">https:\/\/od.lk\/d\/NV8xNTM1NzE1OTBf\/karaokethanhca.zip<\/a><\/span><\/li>\n<\/ol>\n<p><span style=\"font-size: 20px;\"><strong><span style=\"color: #ff0000;\">L\u01b0u \u00fd:<\/span><\/strong> T\u00ean t\u1eadp tin (file) \u0111\u01b0\u1ee3c \u0111\u1eb7t theo t\u00ean c\u1ee7a website \u0111\u1ec3 d\u1ec5 nh\u1eadn bi\u1ebft, theo danh s\u00e1ch sau:<\/span><\/p>\n<ol>\n<li><span style=\"font-size: 20px;\">File <strong>timhieuthanhkinh.zip<\/strong> ch\u1ee9a m\u00e3 ngu\u1ed3n c\u1ee7a website <strong>timhieuthanhkinh.com<\/strong><\/span><\/li>\n<li><span style=\"font-size: 20px;\">File <strong>kytanthe.zip<\/strong> ch\u1ee9a m\u00e3 ngu\u1ed3n c\u1ee7a website <strong>kytanthe.net<\/strong><\/span><\/li>\n<li><span style=\"font-size: 20px;\">File <strong>timhieutinlanh.zip<\/strong> ch\u1ee9a m\u00e3 ngu\u1ed3n c\u1ee7a website <strong>timhieutinlanh.com<\/strong><\/span><\/li>\n<li><span style=\"font-size: 20px;\">File <strong>biengiao.zip<\/strong> ch\u1ee9a m\u00e3 ngu\u1ed3n c\u1ee7a website <strong>timhieutinlanh.com\/biengiao<\/strong><\/span><\/li>\n<li><span style=\"font-size: 20px;\">File <strong>thanhoc.zip<\/strong> ch\u1ee9a m\u00e3 ngu\u1ed3n c\u1ee7a website <strong>timhieutinlanh.com\/thanhoc<\/strong><\/span><\/li>\n<li><span style=\"font-size: 20px;\">File <strong>karaokethanh.zip<\/strong> ch\u1ee9a m\u00e3 ngu\u1ed3n c\u1ee7a website <strong>karaokethanhca.net<\/strong><\/span><\/li>\n<\/ol>\n<p><span style=\"font-size: 20px;\"><strong>II. H\u01b0\u1edbng D\u1eabn C\u00e0i \u0110\u1eb7t XAMPP:<\/strong><\/span><\/p>\n<p><span style=\"font-weight: 400; font-size: 20px;\">Nh\u00ecn theo h\u00ecnh h\u01b0\u1edbng d\u1eabn \u0111\u1ec3 c\u00e0i \u0111\u1eb7t XAMPP:<\/span><\/p>\n<p><span style=\"font-size: 20px;\">1. Nh\u1eadp chu\u1ed9t tr\u00e1i nhanh hai l\u1ea7n v\u00e0o file c\u00f3 t\u00ean <strong>xampp<\/strong> \u0111\u1ec3 kh\u1edfi \u0111\u1ed9ng c\u00e0i \u0111\u1eb7t:<\/span><\/p>\n<p><span style=\"font-size: 20px;\"><img loading=\"lazy\" decoding=\"async\" class=\"aligncenter wp-image-6207 size-large\" style=\"border-width: 1px; border-style: solid;\" src=\"https:\/\/timhieuthanhkinh.com\/wp-content\/uploads\/2021\/02\/1-1024x364.png\" alt=\"\" width=\"600\" height=\"213\" \/><\/span><\/p>\n<p><span style=\"font-size: 20px;\">2. B\u1ea5m ti\u1ebfp v\u00e0o c\u00e1c n\u00fat theo ch\u1ec9 d\u1eabn:<\/span><\/p>\n<p><span style=\"font-size: 20px;\"><img loading=\"lazy\" decoding=\"async\" class=\"wp-image-6208 size-full aligncenter\" src=\"https:\/\/timhieuthanhkinh.com\/wp-content\/uploads\/2021\/02\/2.jpg\" alt=\"\" width=\"600\" height=\"431\" \/><\/span><\/p>\n<p style=\"text-align: center;\"><span style=\"font-size: 20px;\"><img loading=\"lazy\" decoding=\"async\" class=\"alignnone wp-image-6209 size-full\" src=\"https:\/\/timhieuthanhkinh.com\/wp-content\/uploads\/2021\/02\/3.png\" alt=\"\" width=\"600\" height=\"172\" \/><img loading=\"lazy\" decoding=\"async\" class=\"alignnone wp-image-6210 size-full\" src=\"https:\/\/timhieuthanhkinh.com\/wp-content\/uploads\/2021\/02\/4.png\" alt=\"\" width=\"600\" height=\"508\" \/><\/span><\/p>\n<p><span style=\"font-size: 20px;\"><img loading=\"lazy\" decoding=\"async\" class=\"wp-image-6210 size-full aligncenter\" src=\"https:\/\/timhieuthanhkinh.com\/wp-content\/uploads\/2021\/02\/5.png\" alt=\"\" width=\"600\" height=\"508\" \/><\/span><br \/>\n<span style=\"font-size: 20px;\"><img loading=\"lazy\" decoding=\"async\" class=\"wp-image-6210 size-full aligncenter\" src=\"https:\/\/timhieuthanhkinh.com\/wp-content\/uploads\/2021\/02\/6.png\" alt=\"\" width=\"600\" height=\"508\" \/><\/span><\/p>\n<p style=\"text-align: center;\"><span style=\"font-size: 20px;\"><img loading=\"lazy\" decoding=\"async\" class=\"wp-image-6210 size-full aligncenter\" src=\"https:\/\/timhieuthanhkinh.com\/wp-content\/uploads\/2021\/02\/7.png\" alt=\"\" width=\"600\" height=\"508\" \/><\/span><\/p>\n<p style=\"text-align: center;\"><span style=\"font-size: 20px;\"><img loading=\"lazy\" decoding=\"async\" class=\"wp-image-6210 size-full aligncenter\" src=\"https:\/\/timhieuthanhkinh.com\/wp-content\/uploads\/2021\/02\/8.png\" alt=\"\" width=\"600\" height=\"508\" \/><\/span><\/p>\n<p style=\"text-align: center;\"><span style=\"font-size: 20px;\"><img loading=\"lazy\" decoding=\"async\" class=\"wp-image-6210 size-full aligncenter\" src=\"https:\/\/timhieuthanhkinh.com\/wp-content\/uploads\/2021\/02\/9.png\" alt=\"\" width=\"600\" height=\"508\" \/><\/span><\/p>\n<p style=\"text-align: center;\"><span style=\"font-size: 20px;\"><img loading=\"lazy\" decoding=\"async\" class=\"wp-image-6210 size-full aligncenter\" src=\"https:\/\/timhieuthanhkinh.com\/wp-content\/uploads\/2021\/02\/10.png\" alt=\"\" width=\"600\" height=\"508\" \/><\/span><\/p>\n<p style=\"text-align: center;\"><span style=\"font-size: 20px;\"><img loading=\"lazy\" decoding=\"async\" class=\"wp-image-6210 size-full alignnone\" src=\"https:\/\/timhieuthanhkinh.com\/wp-content\/uploads\/2021\/02\/11.png\" alt=\"\" width=\"600\" height=\"508\" \/><\/span><\/p>\n<h5 style=\"text-align: center;\"><span style=\"font-size: 20px;\"><strong>Ho\u00e0n t\u1ea5t c\u00e0i \u0111\u1eb7t.<\/strong><\/span><\/h5>\n<p>&nbsp;<\/p>\n<p><span style=\"font-size: 20px;\">Sau khi c\u00e0i \u0111\u1eb7t xong, trong \u1ed5 \u0111\u0129a C s\u1ebd xu\u1ea5t hi\u1ec7n th\u01b0 m\u1ee5c t\u00ean <strong>xampp<\/strong><\/span><\/p>\n<p><span style=\"font-size: 20px;\"><img loading=\"lazy\" decoding=\"async\" class=\"wp-image-6195 size-large aligncenter\" style=\"border-width: 1px; border-style: solid;\" src=\"https:\/\/timhieuthanhkinh.com\/wp-content\/uploads\/2021\/02\/15-1024x572.png\" alt=\"\" width=\"600\" height=\"335\" \/><\/span><\/p>\n<p>&nbsp;<\/p>\n<p><span style=\"font-size: 20px;\"><strong>III. H\u01b0\u1edbng D\u1eabn T\u00e1i T\u1ea1o Website:<\/strong><\/span><\/p>\n<p><span style=\"font-size: 20px;\"><span style=\"font-weight: 400;\">D\u01b0\u1edbi \u0111\u00e2y l\u00e0 h\u01b0\u1edbng d\u1eabn t\u00e1i t\u1ea1o website <\/span><a href=\"https:\/\/timhieuthanhkinh.com\"><span style=\"font-weight: 400;\">https:\/\/timhieuthanhkinh.com<\/span><\/a><span style=\"font-weight: 400;\">. C\u00e1ch l\u00e0m t\u01b0\u01a1ng t\u1ef1 \u0111\u1ed1i v\u1edbi c\u00e1c website kh\u00e1c:<\/span><\/span><\/p>\n<p><span style=\"font-size: 20px;\">1. Gi\u1ea3i n\u00e9n file <strong>timhieuthanhkinh<\/strong>:<\/span><\/p>\n<p><span style=\"font-size: 20px;\">Nh\u1ea5p chu\u1ed9t ph\u1ea3i v\u00e0o file <strong>timhieuthanhkinh<\/strong> v\u1eeba t\u1ea3i v\u1ec1 ch\u1ecdn &#8220;<strong>Extract All&#8230;<\/strong>&#8220;<\/span><\/p>\n<p style=\"text-align: center;\"><span style=\"font-size: 20px;\"><img loading=\"lazy\" decoding=\"async\" class=\"alignnone wp-image-6192 size-large\" style=\"border-width: 1px; border-style: solid;\" src=\"https:\/\/timhieuthanhkinh.com\/wp-content\/uploads\/2021\/02\/12-1024x702.png\" alt=\"\" width=\"600\" height=\"411\" \/><\/span><\/p>\n<p><span style=\"font-size: 20px;\">\u0110i v\u00e0o th\u01b0 m\u1ee5c v\u1eeba gi\u1ea3i n\u00e9n s\u1ebd th\u1ea5y hai th\u01b0 m\u1ee5c con:<\/span><\/p>\n<ul>\n<li><span style=\"font-size: 20px;\">Th\u01b0 m\u1ee5c <strong>timhieuthanhkinh <\/strong>c\u00f9ng t\u00ean v\u1edbi website <strong>timhieuthanhkinh.com<\/strong> l\u00e0 th\u01b0 m\u1ee5c ch\u1ee9a m\u00e3 ngu\u1ed3n<\/span><\/li>\n<li><span style=\"font-size: 20px;\">Th\u01b0 m\u1ee5c c\u00f3 ch\u1eef &#8220;<strong>_data<\/strong>&#8221; l\u00e0 th\u01b0 m\u1ee5c ch\u1ee9a d\u1eef li\u1ec7u<\/span><\/li>\n<\/ul>\n<p><span style=\"font-size: 20px;\"><img loading=\"lazy\" decoding=\"async\" class=\"wp-image-6194 size-full aligncenter\" style=\"border-width: 1px; border-style: solid;\" src=\"https:\/\/timhieuthanhkinh.com\/wp-content\/uploads\/2021\/02\/14.png\" alt=\"\" width=\"600\" height=\"353\" \/><\/span><\/p>\n<p><span style=\"font-weight: 400; font-size: 20px;\">2. Sao ch\u00e9p (copy) hai th\u01b0 m\u1ee5c tr\u00ean v\u00e0o c\u00e1c v\u1ecb tr\u00ed sau:<\/span><\/p>\n<p><span style=\"font-weight: 400; font-size: 20px;\">&#8211; V\u00e0o \u1ed5 \u0111\u0129a C, \u0111i v\u00e0o th\u01b0 m\u1ee5c <strong>xampp<\/strong><\/span><\/p>\n<p><span style=\"font-size: 20px;\"><img loading=\"lazy\" decoding=\"async\" class=\"wp-image-6195 size-large aligncenter\" style=\"border-width: 1px; border-style: solid;\" src=\"https:\/\/timhieuthanhkinh.com\/wp-content\/uploads\/2021\/02\/15-1024x572.png\" alt=\"\" width=\"600\" height=\"335\" \/><\/span><\/p>\n<p><span style=\"font-weight: 400; font-size: 20px;\">&#8211; Sao ch\u00e9p th\u01b0 m\u1ee5c <strong>timhieuthanhkinh<\/strong> v\u00e0o b\u00ean trong th\u01b0 m\u1ee5c <strong>xampp\/httpdocs<\/strong><\/span><\/p>\n<p><span style=\"font-size: 20px;\"><img loading=\"lazy\" decoding=\"async\" class=\"wp-image-6196 size-large aligncenter\" style=\"border-width: 1px; border-style: solid;\" src=\"https:\/\/timhieuthanhkinh.com\/wp-content\/uploads\/2021\/02\/16-1024x592.png\" alt=\"\" width=\"600\" height=\"347\" \/><\/span><\/p>\n<p style=\"text-align: center;\"><span style=\"font-size: 20px;\"><img loading=\"lazy\" decoding=\"async\" class=\"wp-image-6197 size-large aligncenter\" style=\"border-width: 1px; border-style: solid;\" src=\"https:\/\/timhieuthanhkinh.com\/wp-content\/uploads\/2021\/02\/17-1024x521.png\" alt=\"\" width=\"600\" height=\"305\" \/><\/span><\/p>\n<p><span style=\"font-weight: 400; font-size: 20px;\">&#8211; Sao ch\u00e9p th\u01b0 m\u1ee5c <strong>timhieuthanhkinh_data<\/strong> v\u00e0o b\u00ean trong th\u01b0 m\u1ee5c <strong>xampp\/mysql\/data<\/strong><\/span><\/p>\n<p style=\"text-align: center;\"><span style=\"font-size: 20px;\"><img loading=\"lazy\" decoding=\"async\" class=\"wp-image-6198 size-large aligncenter\" style=\"border-width: 1px; border-style: solid;\" src=\"https:\/\/timhieuthanhkinh.com\/wp-content\/uploads\/2021\/02\/18-1024x538.png\" alt=\"\" width=\"600\" height=\"315\" \/><\/span><\/p>\n<p style=\"text-align: center;\"><span style=\"font-weight: 400; font-size: 20px;\"><img loading=\"lazy\" decoding=\"async\" class=\"wp-image-6199 size-large aligncenter\" style=\"border-width: 1px; border-style: solid;\" src=\"https:\/\/timhieuthanhkinh.com\/wp-content\/uploads\/2021\/02\/19-1024x470.png\" alt=\"\" width=\"600\" height=\"275\" \/><\/span><\/p>\n<p style=\"text-align: center;\"><span style=\"font-size: 20px;\"><img loading=\"lazy\" decoding=\"async\" class=\"wp-image-6200 size-full aligncenter\" style=\"border-width: 1px; border-style: solid;\" src=\"https:\/\/timhieuthanhkinh.com\/wp-content\/uploads\/2021\/02\/20.png\" alt=\"\" width=\"600\" height=\"307\" \/><\/span><\/p>\n<p>&nbsp;<\/p>\n<p><span style=\"font-size: 20px;\"><strong>IV. Ti\u1ebfn H\u00e0nh Ch\u1ea1y Website:<\/strong><\/span><\/p>\n<p><span style=\"font-weight: 400; font-size: 20px;\">1. Kh\u1edfi \u0111\u1ed9ng XAMPP:<\/span><\/p>\n<p><span style=\"font-weight: 400; font-size: 20px;\">&#8211; V\u00e0o \u1ed5 \u0111\u0129a C, \u0111i v\u00e0o th\u01b0 m\u1ee5c xampp, k\u00e9o xu\u1ed1ng cu\u1ed1i c\u00f9ng, b\u1ea5m chu\u1ed9t nhanh hai l\u1ea7n v\u00e0o file <strong>xampp-control <\/strong><\/span><\/p>\n<p><span style=\"font-size: 20px;\"><img loading=\"lazy\" decoding=\"async\" class=\"wp-image-6202 size-large aligncenter\" style=\"border-width: 1px; border-style: solid;\" src=\"https:\/\/timhieuthanhkinh.com\/wp-content\/uploads\/2021\/02\/22-1024x465.png\" alt=\"\" width=\"600\" height=\"272\" \/><\/span><\/p>\n<p><span style=\"font-size: 20px;\">&#8211; B\u1ea5m v\u00e0o hai n\u00fat <strong>Start<\/strong> nh\u01b0 trong h\u00ecnh b\u00ean d\u01b0\u1edbi:<\/span><\/p>\n<p style=\"text-align: center;\"><span style=\"font-size: 20px;\"><img loading=\"lazy\" decoding=\"async\" class=\"aligncenter wp-image-6203 size-full\" style=\"border-width: 1px; border-style: solid;\" src=\"https:\/\/timhieuthanhkinh.com\/wp-content\/uploads\/2021\/02\/23.png\" alt=\"\" width=\"600\" height=\"390\" \/><\/span><\/p>\n<p><span style=\"font-size: 20px;\">&#8211; Khi th\u1ea5y hai ch\u1eef Apache v\u00e0 MySQL chuy\u1ec3n sang m\u00e0u xanh l\u00e1 nh\u01b0 h\u00ecnh d\u01b0\u1edbi \u0111\u00e2y l\u00e0 kh\u1edfi \u0111\u1ed9ng th\u00e0nh c\u00f4ng:<\/span><\/p>\n<p style=\"text-align: center;\"><span style=\"font-size: 20px;\"><img loading=\"lazy\" decoding=\"async\" class=\"wp-image-6204 size-full aligncenter\" style=\"border-width: 1px; border-style: solid;\" src=\"https:\/\/timhieuthanhkinh.com\/wp-content\/uploads\/2021\/02\/24.png\" alt=\"\" width=\"600\" height=\"390\" \/><\/span><\/p>\n<p>&nbsp;<\/p>\n<p><span style=\"font-weight: 400; font-size: 20px;\">2. M\u1edf tr\u00ecnh duy\u1ec7t web l\u00ean, g\u00f5 \u0111\u1ecba ch\u1ec9: <strong>localhost\/timhieuthanhkinh<\/strong><\/span><\/p>\n<p style=\"text-align: center;\"><span style=\"font-size: 20px;\"><img loading=\"lazy\" decoding=\"async\" class=\"wp-image-6212 size-large aligncenter\" style=\"border-width: 1px; border-style: solid;\" src=\"https:\/\/timhieuthanhkinh.com\/wp-content\/uploads\/2021\/02\/24_1-1024x346.png\" alt=\"\" width=\"600\" height=\"203\" \/><\/span><\/p>\n<p><span style=\"font-size: 20px;\">N\u1ebfu c\u00f3 th\u00f4ng b\u00e1o nh\u01b0 sau hi\u1ec7n l\u00ean th\u00ec b\u1ea5m theo h\u01b0\u1edbng d\u1eabn c\u1ee7a m\u0169i t\u00ean trong h\u00ecnh.<\/span><\/p>\n<p style=\"text-align: center;\"><span style=\"font-size: 20px;\">B\u1ea5m v\u00e0o ch\u1eef &#8220;<strong>Advanced<\/strong>&#8220;<\/span><\/p>\n<p style=\"text-align: center;\"><span style=\"font-size: 20px;\"><img loading=\"lazy\" decoding=\"async\" class=\"alignnone wp-image-6205 size-large\" style=\"border-width: 1px; border-style: solid;\" src=\"https:\/\/timhieuthanhkinh.com\/wp-content\/uploads\/2021\/02\/25-1024x560.png\" alt=\"\" width=\"600\" height=\"328\" \/><\/span><\/p>\n<p style=\"text-align: center;\"><span style=\"font-size: 20px;\">B\u1ea5m v\u00e0o ch\u1eef &#8220;<strong>Proceed to localhost<\/strong>&#8220;<\/span><\/p>\n<p style=\"text-align: center;\"><span style=\"font-size: 20px;\"><img loading=\"lazy\" decoding=\"async\" class=\"alignnone wp-image-6206 size-large\" style=\"border-width: 1px; border-style: solid;\" src=\"https:\/\/timhieuthanhkinh.com\/wp-content\/uploads\/2021\/02\/26-1024x661.png\" alt=\"\" width=\"600\" height=\"387\" \/><\/span><\/p>\n<p><span style=\"font-size: 20px;\"><strong>Th\u1ea5y tr\u00ecnh duy\u1ec7t hi\u1ec7n ra trang web l\u00e0 \u0111\u00e3 t\u00e1i t\u1ea1o th\u00e0nh c\u00f4ng.<\/strong><\/span><\/p>\n<p><img loading=\"lazy\" decoding=\"async\" class=\"wp-image-6213 size-full aligncenter\" style=\"border-width: 1px; border-style: solid;\" src=\"https:\/\/timhieuthanhkinh.com\/wp-content\/uploads\/2021\/02\/27.jpg\" alt=\"\" width=\"800\" height=\"483\" \/><\/p>\n","protected":false},"excerpt":{"rendered":"<p>&nbsp; Xin b\u1ea5m v\u00e0o n\u1ed1i m\u1ea1ng d\u01b0\u1edbi \u0111\u00e2y \u0111\u1ec3 \u0111\u1ecdc v\u00e0 nghe b\u00e0i gi\u1ea3ng &#8220;N\u1ebfu B\u1ea1n B\u1ecb B\u1ecf L\u1ea1i&#8221;: https:\/\/kytanthe.net\/069-neu-ban-bi-bo-lai Xin v\u00e0o \u0111\u00e2y t\u1ea3i xu\u1ed1ng t\u1ea5t c\u1ea3 c\u00e1c b\u00e0i gi\u1ea3ng <a class=\"more-link\" href=\"https:\/\/timhieutinlanh.com\/biengiao\/neu-ban-bi-bo-lai\/\">\u0110\u1ecdc Ti\u1ebfp \u2192<\/a><\/p>\n","protected":false},"author":1,"featured_media":0,"parent":0,"menu_order":0,"comment_status":"closed","ping_status":"closed","template":"","meta":{"footnotes":""},"class_list":["post-1189","page","type-page","status-publish","hentry"],"_links":{"self":[{"href":"https:\/\/timhieutinlanh.com\/biengiao\/wp-json\/wp\/v2\/pages\/1189","targetHints":{"allow":["GET"]}}],"collection":[{"href":"https:\/\/timhieutinlanh.com\/biengiao\/wp-json\/wp\/v2\/pages"}],"about":[{"href":"https:\/\/timhieutinlanh.com\/biengiao\/wp-json\/wp\/v2\/types\/page"}],"author":[{"embeddable":true,"href":"https:\/\/timhieutinlanh.com\/biengiao\/wp-json\/wp\/v2\/users\/1"}],"replies":[{"embeddable":true,"href":"https:\/\/timhieutinlanh.com\/biengiao\/wp-json\/wp\/v2\/comments?post=1189"}],"version-history":[{"count":1,"href":"https:\/\/timhieutinlanh.com\/biengiao\/wp-json\/wp\/v2\/pages\/1189\/revisions"}],"predecessor-version":[{"id":1190,"href":"https:\/\/timhieutinlanh.com\/biengiao\/wp-json\/wp\/v2\/pages\/1189\/revisions\/1190"}],"wp:attachment":[{"href":"https:\/\/timhieutinlanh.com\/biengiao\/wp-json\/wp\/v2\/media?parent=1189"}],"curies":[{"name":"wp","href":"https:\/\/api.w.org\/{rel}","templated":true}]}}