{"id":1158,"date":"2022-12-19T15:10:26","date_gmt":"2022-12-19T08:10:26","guid":{"rendered":"https:\/\/timhieutinlanh.com\/biengiao\/?page_id=1158"},"modified":"2024-04-03T16:10:50","modified_gmt":"2024-04-03T09:10:50","slug":"tim-bai-tu-cu-den-moi","status":"publish","type":"page","link":"https:\/\/timhieutinlanh.com\/biengiao\/tim-bai-tu-cu-den-moi\/","title":{"rendered":"T\u00ecm B\u00e0i t\u1eeb C\u0169 \u0111\u1ebfn M\u1edbi"},"content":{"rendered":"<p class=\"p1\"><ul class=\"lcp_catlist\" id=\"lcp_instance_0\"><li><a href=\"https:\/\/timhieutinlanh.com\/biengiao\/easter-huyen-thoai-ve-easter\/\">Easter: Huy\u1ec1n Tho\u1ea1i v\u1ec1 Easter<\/a><\/li><li><a href=\"https:\/\/timhieutinlanh.com\/biengiao\/giao-su-gia-2\/\">Gi\u00e1o S\u01b0 Gi\u1ea3<\/a><\/li><li><a href=\"https:\/\/timhieutinlanh.com\/biengiao\/tra-loi-tac-pham-chua-gie-su-la-ai-cua-tran-chung-ngoc-3\/\">Tr\u1ea3 L\u1eddi T\u00e1c Ph\u1ea9m &#8220;Ch\u00faa Gi\u00ea-su L\u00e0 Ai?&#8230;&#8221; c\u1ee7a Tr\u1ea7n Chung Ng\u1ecdc<\/a><\/li><li><a href=\"https:\/\/timhieutinlanh.com\/biengiao\/su-that-la-gi-4\/\">S\u1ef1 Th\u1eadt L\u00e0 G\u00ec?<\/a><\/li><li><a href=\"https:\/\/timhieutinlanh.com\/biengiao\/tin-ly-can-ban-7\/\">T\u00edn L\u00fd C\u0103n b\u1ea3n<\/a><\/li><li><a href=\"https:\/\/timhieutinlanh.com\/biengiao\/trach-nhiem-dich-thuat-va-pho-bien-mot-tac-pham-trong-hoi-thanh-11\/\">Tr\u00e1ch Nhi\u1ec7m D\u1ecbch Thu\u1eadt V\u00e0 Ph\u1ed5 Bi\u1ebfn M\u1ed9t T\u00e1c Ph\u1ea9m Trong H\u1ed9i Th\u00e1nh<\/a><\/li><li><a href=\"https:\/\/timhieutinlanh.com\/biengiao\/phe-binh-tac-pham-the-purpose-driven-life-bai-mot-loi-noi-dau-12\/\">Ph\u00ea B\u00ecnh T\u00e1c Ph\u1ea9m &#8220;The Purpose Driven Life&#8221; &#8211; B\u00e0i M\u1ed9t: L\u1eddi N\u00f3i \u0110\u1ea7u<\/a><\/li><li><a href=\"https:\/\/timhieutinlanh.com\/biengiao\/phe-binh-tac-pham-the-purpose-driven-life-bai-hai-tin-lanh-theo-rick-warren-13\/\">Ph\u00ea B\u00ecnh T\u00e1c Ph\u1ea9m &#8220;The Purpose Driven Life&#8221; &#8211; B\u00e0i Hai: Tin L\u00e0nh Theo Rick Warren<\/a><\/li><li><a href=\"https:\/\/timhieutinlanh.com\/biengiao\/phe-binh-tac-pham-the-purpose-driven-life-bai-ba-nhung-sai-lam-trong-loi-gioi-thieu-14\/\">Ph\u00ea B\u00ecnh T\u00e1c Ph\u1ea9m &#8220;The Purpose Driven Life&#8221; &#8211; B\u00e0i Ba: Nh\u1eefng Sai L\u1ea7m Trong L\u1eddi Gi\u1edbi Thi\u1ec7u<\/a><\/li><li><a href=\"https:\/\/timhieutinlanh.com\/biengiao\/phe-binh-tac-pham-the-purpose-driven-life-bai-bon-nhung-sai-lam-trong-ngay-thu-nhat-15\/\">Ph\u00ea B\u00ecnh T\u00e1c Ph\u1ea9m &#8220;The Purpose Driven Life&#8221; &#8211; B\u00e0i B\u1ed1n: Nh\u1eefng Sai L\u1ea7m Trong Ng\u00e0y Th\u1ee9 Nh\u1ea5t<\/a><\/li><li><a href=\"https:\/\/timhieutinlanh.com\/biengiao\/phe-binh-tac-pham-the-purpose-driven-life-bai-nam-nhung-sai-lam-trong-ngay-thu-nhi-16\/\">Ph\u00ea B\u00ecnh T\u00e1c Ph\u1ea9m &#8220;The Purpose Driven Life&#8221; &#8211; B\u00e0i N\u0103m: Nh\u1eefng Sai L\u1ea7m Trong Ng\u00e0y Th\u1ee9 Nh\u00ec<\/a><\/li><li><a href=\"https:\/\/timhieutinlanh.com\/biengiao\/minh-hoa-bien-giao-17\/\">Minh H\u1ecda Bi\u1ec7n Gi\u00e1o<\/a><\/li><li><a href=\"https:\/\/timhieutinlanh.com\/biengiao\/hinh-tuong-cua-billy-graham-18\/\">H\u00ecnh T\u01b0\u1ee3ng c\u1ee7a Billy Graham<\/a><\/li><li><a href=\"https:\/\/timhieutinlanh.com\/biengiao\/hoi-dap-y-nghia-i-co-rinh-to-12-19\/\">H\u1ecfi &#038; \u0110\u00e1p: \u00dd Ngh\u0129a I C\u00f4-rinh-t\u00f4 12<\/a><\/li><li><a href=\"https:\/\/timhieutinlanh.com\/biengiao\/hoi-dap-dat-tay-te-nga-20\/\">H\u1ecfi &#038; \u0110\u00e1p: \u0110\u1eb7t Tay T\u00e9 Ng\u00e3<\/a><\/li><li><a href=\"https:\/\/timhieutinlanh.com\/biengiao\/hoi-dap-vi-du-ve-tiec-cuoi-21\/\">H\u1ecfi &#038; \u0110\u00e1p: V\u00ed D\u1ee5 v\u1ec1 Ti\u1ec7c C\u01b0\u1edbi<\/a><\/li><li><a href=\"https:\/\/timhieutinlanh.com\/biengiao\/hoi-dap-uoc-mo-giac-mo-va-khai-tuong-22\/\">H\u1ecfi &#038; \u0110\u00e1p: \u01af\u1edbc M\u01a1, Gi\u1ea5c M\u01a1, v\u00e0 Kh\u1ea3i T\u01b0\u1ee3ng<\/a><\/li><li><a href=\"https:\/\/timhieutinlanh.com\/biengiao\/hoi-dap-pha-thai-23\/\">H\u1ecfi &#038; \u0110\u00e1p: Ph\u00e1 Thai<\/a><\/li><li><a href=\"https:\/\/timhieutinlanh.com\/biengiao\/hoi-dap-loan-luan-24\/\">H\u1ecfi &#038; \u0110\u00e1p: Lo\u1ea1n Lu\u00e2n<\/a><\/li><li><a href=\"https:\/\/timhieutinlanh.com\/biengiao\/hoi-dap-phep-cat-bi-25\/\">H\u1ecfi &#038; \u0110\u00e1p: Ph\u00e9p C\u1eaft B\u00ec<\/a><\/li><li><a href=\"https:\/\/timhieutinlanh.com\/biengiao\/hoi-dap-thuc-an-khong-tinh-sach-26\/\">H\u1ecfi &#038; \u0110\u00e1p: Th\u1ee9c \u0102n Kh\u00f4ng Tinh S\u1ea1ch<\/a><\/li><li><a href=\"https:\/\/timhieutinlanh.com\/biengiao\/hoi-dap-priest-va-pastor-27\/\">H\u1ecfi &#038; \u0110\u00e1p: Priest v\u00e0 Pastor<\/a><\/li><li><a href=\"https:\/\/timhieutinlanh.com\/biengiao\/hoi-dap-do-thai-giao-28\/\">H\u1ecfi &#038; \u0110\u00e1p: Do-th\u00e1i Gi\u00e1o<\/a><\/li><li><a href=\"https:\/\/timhieutinlanh.com\/biengiao\/hoi-dap-chua-co-cuu-toan-ven-29\/\">H\u1ecfi &#038; \u0110\u00e1p: Ch\u00faa C\u00f3 C\u1ee9u To\u00e0n V\u1eb9n?<\/a><\/li><li><a href=\"https:\/\/timhieutinlanh.com\/biengiao\/tan-man-ve-danh-xung-muc-su-va-reverend-30\/\">T\u1ea3n M\u1ea1n V\u1ec1 Danh X\u01b0ng M\u1ee5c S\u01b0 v\u00e0 Reverend<\/a><\/li><li><a href=\"https:\/\/timhieutinlanh.com\/biengiao\/nhung-tin-ly-va-quan-diem-than-hoc-nghich-thanh-kinh-cua-giao-hoi-co-doc-phuc-lam-an-that-nhat-31\/\">Nh\u1eefng T\u00edn L\u00fd v\u00e0 Quan \u0110i\u1ec3m Th\u1ea7n H\u1ecdc Ngh\u1ecbch Th\u00e1nh Kinh c\u1ee7a Gi\u00e1o H\u1ed9i C\u01a1-\u0111\u1ed1c Ph\u1ee5c L\u00e2m An Th\u1ea5t Nh\u1eadt<\/a><\/li><li><a href=\"https:\/\/timhieutinlanh.com\/biengiao\/mot-su-lua-doi-lon-trong-lich-su-phan-hung-cua-hoi-thanh-32\/\">M\u1ed9t S\u1ef1 L\u1eeba D\u1ed1i L\u1edbn Trong L\u1ecbch S\u1eed Ph\u1ea5n H\u01b0ng c\u1ee7a H\u1ed9i Th\u00e1nh<\/a><\/li><li><a href=\"https:\/\/timhieutinlanh.com\/biengiao\/nhung-buc-tam-thu-cua-cuu-linh-muc-bui-duc-hanh-33\/\">Nh\u1eefng B\u1ee9c T\u00e2m Th\u01b0 c\u1ee7a C\u1ef1u Linh M\u1ee5c B\u00f9i \u0110\u1ee9c H\u1ea1nh<\/a><\/li><li><a href=\"https:\/\/timhieutinlanh.com\/biengiao\/le-ban-thanh-the-cua-cong-giao-35\/\">L\u1ec5 Ban Th\u00e1nh Th\u1ec3 c\u1ee7a C\u00f4ng Gi\u00e1o<\/a><\/li><li><a href=\"https:\/\/timhieutinlanh.com\/biengiao\/giao-hoi-cong-giao-co-quyen-tha-thu-toi-36\/\">Gi\u00e1o H\u1ed9i C\u00f4ng Gi\u00e1o C\u00f3 Quy\u1ec1n Tha Th\u1ee9 T\u1ed9i?<\/a><\/li><li><a href=\"https:\/\/timhieutinlanh.com\/biengiao\/hoi-dap-loai-nguoi-xuat-hien-sau-khung-long-37\/\">H\u1ecfi &#038; \u0110\u00e1p: Lo\u00e0i Ng\u01b0\u1eddi Xu\u1ea5t Hi\u1ec7n Sau Kh\u1ee7ng Long?<\/a><\/li><li><a href=\"https:\/\/timhieutinlanh.com\/biengiao\/huyen-bi-vatican-su-hien-ra-cua-ba-ma-ri-da-boc-lo-38\/\">Huy\u1ec1n B\u00ed Vatican, S\u1ef1 Hi\u1ec7n Ra c\u1ee7a B\u00e0 Ma-ri \u0110\u00e3 B\u1ed9c L\u1ed9<\/a><\/li><li><a href=\"https:\/\/timhieutinlanh.com\/biengiao\/a-catholic-nuns-testimony-39\/\">A Catholic Nun&#8217;s Testimony<\/a><\/li><li><a href=\"https:\/\/timhieutinlanh.com\/biengiao\/nhan-dinh-ve-loi-chung-hay-chuan-bi-gap-chua-cua-ban-cua-angelica-elizabeth-zambrano-mora-40\/\">Nh\u1eadn \u0110\u1ecbnh v\u1ec1 L\u1eddi Ch\u1ee9ng &#8220;H\u00e3y Chu\u1ea9n B\u1ecb G\u1eb7p Ch\u00faa c\u1ee7a B\u1ea1n&#8221; c\u1ee7a Angelica Elizabeth Zambrano Mora<\/a><\/li><li><a href=\"https:\/\/timhieutinlanh.com\/biengiao\/nhung-le-that-cua-loi-chua-dem-toi-ra-khoi-cong-giao-41\/\">Nh\u1eefng L\u1ebd Th\u1eadt c\u1ee7a L\u1eddi Ch\u00faa \u0110em T\u00f4i Ra Kh\u1ecfi C\u00f4ng Gi\u00e1o<\/a><\/li><li><a href=\"https:\/\/timhieutinlanh.com\/biengiao\/su-tien-dinh-cua-duc-chua-troi-va-su-tu-chon-cua-loai-nguoi-42\/\">S\u1ef1 Ti\u1ec1n \u0110\u1ecbnh c\u1ee7a \u0110\u1ee9c Ch\u00faa Tr\u1eddi v\u00e0 S\u1ef1 T\u1ef1 Ch\u1ecdn c\u1ee7a Lo\u00e0i Ng\u01b0\u1eddi<\/a><\/li><li><a href=\"https:\/\/timhieutinlanh.com\/biengiao\/co-phai-nguoi-da-duoc-cuu-roi-thi-khong-bao-gio-bi-hu-mat-43\/\">C\u00f3 Ph\u1ea3i Ng\u01b0\u1eddi \u0110\u00e3 \u0110\u01b0\u1ee3c C\u1ee9u R\u1ed7i Th\u00ec Kh\u00f4ng Bao Gi\u1edd B\u1ecb H\u01b0 M\u1ea5t?<\/a><\/li><li><a href=\"https:\/\/timhieutinlanh.com\/biengiao\/hoi-dap-email-gop-y-ve-bai-mang-lenh-cua-thien-chua-ve-thuc-an-cua-loai-nguoi\/\">H\u1ed3i \u0110\u00e1p Email G\u00f3p \u00dd v\u1ec1 B\u00e0i: \u201cM\u1ea1ng L\u1ec7nh c\u1ee7a Thi\u00ean Ch\u00faa v\u1ec1 Th\u1ee9c \u0102n c\u1ee7a Lo\u00e0i Ng\u01b0\u1eddi&#8221;<\/a><\/li><li><a href=\"https:\/\/timhieutinlanh.com\/biengiao\/mang-lenh-cua-thien-chua-ve-thuc-an-cua-loai-nguoi\/\">M\u1ea1ng L\u1ec7nh c\u1ee7a Thi\u00ean Ch\u00faa v\u1ec1 Th\u1ee9c \u0102n c\u1ee7a Lo\u00e0i Ng\u01b0\u1eddi<\/a><\/li><li><a href=\"https:\/\/timhieutinlanh.com\/biengiao\/tra-loi-mot-so-ly-luan-bao-ve-viec-noi-tieng-la-46\/\">Tr\u1ea3 L\u1eddi M\u1ed9t S\u1ed1 L\u00fd Lu\u1eadn B\u1ea3o V\u1ec7 Vi\u1ec7c N\u00f3i Ti\u1ebfng L\u1ea1<\/a><\/li><li><a href=\"https:\/\/timhieutinlanh.com\/biengiao\/nguon-goc-va-tin-ly-cac-phong-trao-an-tu-va-ngu-tuan-48\/\">Ngu\u1ed3n G\u1ed1c v\u00e0 T\u00edn L\u00fd C\u00e1c Phong Tr\u00e0o \u00c2n T\u1ee9 v\u00e0 Ng\u0169 Tu\u1ea7n<\/a><\/li><li><a href=\"https:\/\/timhieutinlanh.com\/biengiao\/tieng-moi-va-an-tu-noi-ngoai-ngu-khong-phai-la-hien-tuong-noi-tieng-la-50\/\">Ti\u1ebfng M\u1edbi v\u00e0 \u00c2n T\u1ee9 N\u00f3i Ngo\u1ea1i Ng\u1eef Kh\u00f4ng Ph\u1ea3i L\u00e0 Hi\u1ec7n T\u01b0\u1ee3ng N\u00f3i Ti\u1ebfng L\u1ea1<\/a><\/li><li><a href=\"https:\/\/timhieutinlanh.com\/biengiao\/su-that-ve-hien-tuong-noi-tieng-la-va-dat-tay-te-nga\/\">S\u1ef1 Th\u1eadt v\u1ec1 Hi\u1ec7n T\u01b0\u1ee3ng N\u00f3i Ti\u1ebfng L\u1ea1 v\u00e0 \u0110\u1eb7t Tay T\u00e9 Ng\u00e3<\/a><\/li><li><a href=\"https:\/\/timhieutinlanh.com\/biengiao\/video-thoat-khoi-ta-linh-noi-tieng-la-55\/\">Video: Tho\u00e1t Kh\u1ecfi T\u00e0 Linh N\u00f3i Ti\u1ebfng L\u1ea1<\/a><\/li><li><a href=\"https:\/\/timhieutinlanh.com\/biengiao\/chao-mung-huong-dan\/\">H\u01b0\u1edbng D\u1eabn<\/a><\/li><li><a href=\"https:\/\/timhieutinlanh.com\/biengiao\/dinh-nghia-ta-giao\/\">Nh\u1eadn Bi\u1ebft T\u00e0 Gi\u00e1o<\/a><\/li><li><a href=\"https:\/\/timhieutinlanh.com\/biengiao\/loi-tien-tri-cua-malachy-ve-cac-giao-hoang\/\">L\u1eddi Ti\u00ean Tri c\u1ee7a Malachy v\u1ec1 C\u00e1c Gi\u00e1o Ho\u00e0ng<\/a><\/li><li><a href=\"https:\/\/timhieutinlanh.com\/biengiao\/phan-bien-bai-y-nghia-ngay-sa-bat\/\">Ph\u1ea3n Bi\u1ec7n B\u00e0i &#8220;\u00dd Ngh\u0129a Ng\u00e0y Sa-b\u00e1t&#8221;<\/a><\/li><li><a href=\"https:\/\/timhieutinlanh.com\/biengiao\/linh-hon-va-su-chet-doi-doi\/\">Linh H\u1ed3n v\u00e0 S\u1ef1 Ch\u1ebft \u0110\u1eddi \u0110\u1eddi<\/a><\/li><li><a href=\"https:\/\/timhieutinlanh.com\/biengiao\/mot-khuynh-huong-nguy-hiem-trong-viec-giai-kinh-va-phe-binh-thanh-kinh\/\">M\u1ed9t Khuynh H\u01b0\u1edbng Nguy Hi\u1ec3m Trong Vi\u1ec7c Gi\u1ea3i Kinh v\u00e0 Ph\u00ea B\u00ecnh Th\u00e1nh Kinh<\/a><\/li><li><a href=\"https:\/\/timhieutinlanh.com\/biengiao\/y-kien-ban-doc-ve-bai-dia-vi-cua-gia-co-trong-hoi-thanh-tai-gie-ru-sa-lem\/\">\u00dd Ki\u1ebfn B\u1ea1n \u0110\u1ecdc v\u1ec1 B\u00e0i &#8220;\u0110\u1ecba V\u1ecb c\u1ee7a Gia-c\u01a1 Trong H\u1ed9i Th\u00e1nh t\u1ea1i Gi\u00ea-ru-sa-lem&#8221;<\/a><\/li><li><a href=\"https:\/\/timhieutinlanh.com\/biengiao\/bien-giao-ve-viec-giu-ngay-sa-bat\/\">Bi\u1ec7n Gi\u00e1o v\u1ec1 Vi\u1ec7c Gi\u1eef Ng\u00e0y Sa-b\u00e1t<\/a><\/li><li><a href=\"https:\/\/timhieutinlanh.com\/biengiao\/ngay-sa-bat-trong-thanh-kinh-va-lich\/\">Ng\u00e0y Sa-b\u00e1t Trong Th\u00e1nh Kinh v\u00e0 L\u1ecbch<\/a><\/li><li><a href=\"https:\/\/timhieutinlanh.com\/biengiao\/ngay-sa-bat-la-ngay-thu-bay-trong-tuan\/\">Ng\u00e0y Sa-b\u00e1t L\u00e0 Ng\u00e0y Th\u1ee9 B\u1ea3y Trong Tu\u1ea7n<\/a><\/li><li><a href=\"https:\/\/timhieutinlanh.com\/biengiao\/hoi-dap-tai-sao-viet-hoa-chu-ngay-thu-bay\/\">H\u1ecfi &#038; \u0110\u00e1p: T\u1ea1i Sao Vi\u1ebft Hoa Ch\u1eef \u201cNg\u00e0y Th\u1ee9 B\u1ea3y?\u201d<\/a><\/li><li><a href=\"https:\/\/timhieutinlanh.com\/biengiao\/ngay-sa-bat-trong-thanh-kinh-va-lich-5\/\">Ng\u00e0y Sa-b\u00e1t Trong Th\u00e1nh Kinh v\u00e0 L\u1ecbch (5)<\/a><\/li><li><a href=\"https:\/\/timhieutinlanh.com\/biengiao\/con-dan-chua-phai-vang-giu-dieu-ran-thu-tu\/\">Con D\u00e2n Ch\u00faa Ph\u1ea3i V\u00e2ng Gi\u1eef \u0110i\u1ec1u R\u0103n Th\u1ee9 T\u01b0<\/a><\/li><li><a href=\"https:\/\/timhieutinlanh.com\/biengiao\/thanh-kinh-khong-huy-bo-cung-khong-thay-doi-dieu-ran-thu-tu\/\">Th\u00e1nh Kinh Kh\u00f4ng H\u1ee7y B\u1ecf C\u0169ng Kh\u00f4ng Thay \u0110\u1ed5i \u0110i\u1ec1u R\u0103n Th\u1ee9 T\u01b0<\/a><\/li><li><a href=\"https:\/\/timhieutinlanh.com\/biengiao\/christmas-su-that-ve-christmas\/\">Christmas: S\u1ef1 Th\u1eadt v\u1ec1 Christmas<\/a><\/li><li><a href=\"https:\/\/timhieutinlanh.com\/biengiao\/christmas-su-that-hien-nhien-ve-christmas\/\">Christmas: S\u1ef1 Th\u1eadt Hi\u1ec3n Nhi\u00ean v\u1ec1 Christmas<\/a><\/li><li><a href=\"https:\/\/timhieutinlanh.com\/biengiao\/nghe-mp3-bai-giang-moi-moi-tuan\/\">Nghe MP3 B\u00e0i Gi\u1ea3ng M\u1edbi M\u1ed7i Tu\u1ea7n (2018)<\/a><\/li><li><a href=\"https:\/\/timhieutinlanh.com\/biengiao\/dieu-ran-thu-nhi-va-billy-graham\/\">\u0110i\u1ec1u R\u0103n Th\u1ee9 Nh\u00ec v\u00e0 Billy Graham<\/a><\/li><li><a href=\"https:\/\/timhieutinlanh.com\/biengiao\/good-news-mission-va-park-ock-soo\/\">Good News Mission v\u00e0 Park Ock Soo<\/a><\/li><li><a href=\"https:\/\/timhieutinlanh.com\/biengiao\/nghe-mp3-bai-giang-moi-moi-tuan-2019\/\">Nghe Mp3 B\u00e0i Gi\u1ea3ng M\u1edbi M\u1ed7i Tu\u1ea7n (2019)<\/a><\/li><li><a href=\"https:\/\/timhieutinlanh.com\/biengiao\/huyen-thoai-thu-sau-thuong-kho-va-chu-nhat-phuc-sinh\/\">Huy\u1ec1n Tho\u1ea1i: &#8220;Th\u1ee9 S\u00e1u Th\u01b0\u01a1ng Kh\u00f3 v\u00e0 Ch\u1ee7 Nh\u1eadt Ph\u1ee5c Sinh&#8221;<\/a><\/li><li><a href=\"https:\/\/timhieutinlanh.com\/biengiao\/chuc-mung-nam-moi-2020\/\">Ch\u00fac M\u1eebng N\u0103m M\u1edbi 2020<\/a><\/li><li><a href=\"https:\/\/timhieutinlanh.com\/biengiao\/nghe-bai-giang-va-thanh-ca-moi-moi-tuan-2020\/\">Nghe B\u00e0i Gi\u1ea3ng v\u00e0 Th\u00e1nh Ca M\u1edbi M\u1ed7i Tu\u1ea7n (2020)<\/a><\/li><li><a href=\"https:\/\/timhieutinlanh.com\/biengiao\/ngay-sa-bat-cua-thien-chua\/\">Ng\u00e0y Sa-b\u00e1t c\u1ee7a Thi\u00ean Ch\u00faa<\/a><\/li><li><a href=\"https:\/\/timhieutinlanh.com\/biengiao\/cac-quy-bien-chong-nghich-ngay-sa-bat-cua-thien-chua-phan-1\/\">C\u00e1c Qu\u1ef7 Bi\u1ec7n Ch\u1ed1ng Ngh\u1ecbch Ng\u00e0y Sa-b\u00e1t c\u1ee7a Thi\u00ean Ch\u00faa &#8211; Ph\u1ea7n 1<\/a><\/li><li><a href=\"https:\/\/timhieutinlanh.com\/biengiao\/cac-quy-bien-chong-nghich-ngay-sa-bat-cua-thien-chua-phan-2\/\">C\u00e1c Qu\u1ef7 Bi\u1ec7n Ch\u1ed1ng Ngh\u1ecbch Ng\u00e0y Sa-b\u00e1t c\u1ee7a Thi\u00ean Ch\u00faa &#8211; Ph\u1ea7n 2<\/a><\/li><li><a href=\"https:\/\/timhieutinlanh.com\/biengiao\/cac-thac-mac-ve-ngay-sa-bat-cua-thien-chua\/\">C\u00e1c Th\u1eafc M\u1eafc v\u1ec1 Ng\u00e0y Sa-b\u00e1t c\u1ee7a Thi\u00ean Ch\u00faa<\/a><\/li><li><a href=\"https:\/\/timhieutinlanh.com\/biengiao\/nghe-bai-giang-va-thanh-ca-moi-moi-tuan-2021\/\">Nghe B\u00e0i Gi\u1ea3ng v\u00e0 Th\u00e1nh Ca M\u1edbi M\u1ed7i Tu\u1ea7n (2021)<\/a><\/li><li><a href=\"https:\/\/timhieutinlanh.com\/biengiao\/tra-loi-mot-so-cau-hoi-lien-quan-den-loat-bai-giang-ve-loai-nguoi\/\">Tr\u1ea3 L\u1eddi M\u1ed9t S\u1ed1 C\u00e2u H\u1ecfi Li\u00ean Quan \u0110\u1ebfn Lo\u1ea1t B\u00e0i Gi\u1ea3ng v\u1ec1 Lo\u00e0i Ng\u01b0\u1eddi<\/a><\/li><li><a href=\"https:\/\/timhieutinlanh.com\/biengiao\/nghe-bai-giang-moi-va-thanh-ca-moi-moi-tuan-2024\/\">Nghe B\u00e0i Gi\u1ea3ng M\u1edbi v\u00e0 Th\u00e1nh Ca M\u1edbi M\u1ed7i Tu\u1ea7n (2024)<\/a><\/li><li><a href=\"https:\/\/timhieutinlanh.com\/biengiao\/chuc-mung-nam-moi-2022\/\">Ch\u00fac M\u1eebng N\u0103m M\u1edbi 2022<\/a><\/li><li><a href=\"https:\/\/timhieutinlanh.com\/biengiao\/chuc-mung-nam-moi-2023\/\">Ch\u00fac M\u1eebng N\u0103m M\u1edbi 2023<\/a><\/li><li><a href=\"https:\/\/timhieutinlanh.com\/biengiao\/ta-giao-the-church-of-almighty-god\/\">T\u00e0 Gi\u00e1o The Church of Almighty God<\/a><\/li><li><a href=\"https:\/\/timhieutinlanh.com\/biengiao\/mung-xuan-2024\/\">M\u1eebng Xu\u00e2n 2024<\/a><\/li><li><a href=\"https:\/\/timhieutinlanh.com\/biengiao\/loi-tuyen-bo-ve-mot-so-le-that-cua-thanh-kinh\/\">L\u1eddi Tuy\u00ean B\u1ed1 v\u1ec1 M\u1ed9t S\u1ed1 L\u1ebd Th\u1eadt c\u1ee7a Th\u00e1nh Kinh<\/a><\/li><li><a href=\"https:\/\/timhieutinlanh.com\/biengiao\/mot-sai-lam-than-hoc\/\">M\u1ed9t Sai L\u1ea7m Th\u1ea7n H\u1ecdc<\/a><\/li><li><a href=\"https:\/\/timhieutinlanh.com\/biengiao\/doi-thoai-ve-bai-giang-chu-giai-le-vi-ky-231-3-le-hoi-sa-bat-vao-ngay-thu-bay\/\">\u0110\u1ed1i Tho\u1ea1i v\u1ec1 B\u00e0i Gi\u1ea3ng Ch\u00fa Gi\u1ea3i L\u00ea-vi K\u00fd 23:1-3 L\u1ec5 H\u1ed9i Sa-b\u00e1t v\u00e0o Ng\u00e0y Th\u1ee9 B\u1ea3y<\/a><\/li><\/ul><\/p>\n","protected":false},"excerpt":{"rendered":"","protected":false},"author":1,"featured_media":0,"parent":0,"menu_order":0,"comment_status":"closed","ping_status":"closed","template":"","meta":{"footnotes":""},"class_list":["post-1158","page","type-page","status-publish","hentry"],"_links":{"self":[{"href":"https:\/\/timhieutinlanh.com\/biengiao\/wp-json\/wp\/v2\/pages\/1158","targetHints":{"allow":["GET"]}}],"collection":[{"href":"https:\/\/timhieutinlanh.com\/biengiao\/wp-json\/wp\/v2\/pages"}],"about":[{"href":"https:\/\/timhieutinlanh.com\/biengiao\/wp-json\/wp\/v2\/types\/page"}],"author":[{"embeddable":true,"href":"https:\/\/timhieutinlanh.com\/biengiao\/wp-json\/wp\/v2\/users\/1"}],"replies":[{"embeddable":true,"href":"https:\/\/timhieutinlanh.com\/biengiao\/wp-json\/wp\/v2\/comments?post=1158"}],"version-history":[{"count":6,"href":"https:\/\/timhieutinlanh.com\/biengiao\/wp-json\/wp\/v2\/pages\/1158\/revisions"}],"predecessor-version":[{"id":1196,"href":"https:\/\/timhieutinlanh.com\/biengiao\/wp-json\/wp\/v2\/pages\/1158\/revisions\/1196"}],"wp:attachment":[{"href":"https:\/\/timhieutinlanh.com\/biengiao\/wp-json\/wp\/v2\/media?parent=1158"}],"curies":[{"name":"wp","href":"https:\/\/api.w.org\/{rel}","templated":true}]}}